{"id":2,"date":"2022-08-03T13:03:18","date_gmt":"2022-08-03T13:03:18","guid":{"rendered":"https:\/\/pepcorbalan.com\/?page_id=2"},"modified":"2022-08-08T15:42:18","modified_gmt":"2022-08-08T15:42:18","slug":"sample-page","status":"publish","type":"page","link":"https:\/\/pepcorbalan.com\/index.php\/sample-page\/","title":{"rendered":"CON\u00d3CEME"},"content":{"rendered":"<p><em><strong>Pep Corbal\u00e1n Llabr\u00e9s<\/strong><\/em>, nacido en Palma de Mallorca el 30 de marzo de 1979.<br><\/p><p>Comenc\u00e9 mis estudios de guitarra con la profesora Maria Ant\u00f2nia Mulet, despu\u00e9s de superar las pruebas de acceso,\u00a0 ingres\u00e9 en 4\u00ba curso de guitarra del Conservatori Professional de M\u00fasica i Dansa de les Illes Balears, donde estudi\u00e9 con Llu\u00eds Rull\u00e1n. Los \u00faltimos cursos de grado profesional los curs\u00e9 con los profesores\u00a0 Guillem Noguera y Miquel \u00c0ngel Aguil\u00f3. El grado superior lo curs\u00e9 en el Conservatorio Superior de les Illes Balears, con Miquel \u00c0ngel Aguil\u00f3.<br><br>Inici\u00e9 los estudios de Magisterios Musical i Pedagog\u00eda Musical en la UIB y en el Conservatorio Superior de les lles Balears, a\u00fan no tengo finalizadas las especialidades a falta de varias asignaturas.<br><br>He participado en diversos recitales en las Islas Baleares tanto de solista como de componente del &#8220;Quartet de Guitarres NostraTerra&#8221;, tambi\u00e9n he realizado conciertos\u00a0de Guitarra solista con la banda de musical Uni\u00f3 Musical NostraTerra.<br>He cursado hasta quinto curso de saxof\u00f3n de los estudios profesionales, teniendo como maestros a Catalina Ribot y  V\u00edctor Mart\u00ednez. He realizado diversos cursos de\u00a0 Saxof\u00f3n con Manuel Mij\u00e1n (Catedr\u00e1tico del Real Conservatori Superior de Madrid).<\/p><p><br>Actualmente soy el director de la escuela de m\u00fasica \u201cNostra Terra\u201d de Son Ferriol, escuela reglada, que imparte ense\u00f1anzas oficiales de grado elemental. Ejerzo de profesor de lenguaje musical y de guitarra desde el curso de 1998-1999.<\/p><p><br>Soy el director de la escuela Autorizada de grado elemental Obrador de M\u00fasics Marratx\u00ed, que ha abierto sus puertas el curso 2011-2012, y que imparte tamb\u00e9 adem\u00e1s de las especialidades en m\u00fasica y m\u00fasica morderna, Ballet y Teatro Musical.<br>Actualmente soy el director de la Banda de Son Ferriol , del coro de s&#8217;Obrador de M\u00fasics, de la Orquestra de Guitarra de Marratx\u00ed, del Ensemble de Cuerdas de Obrador de M\u00fasics  y de la Jove Orquestra Simf\u00f2nica de Marratx\u00ed de la cual soy fundador.<\/p><p><strong><br><\/strong><\/p><h2 class=\"wp-block-heading\"><strong>&nbsp;Experipencia com a director:<\/strong><\/h2><p><strong>&#8211; Director de la Banda de Son Ferriol des de 2005<\/strong><\/p><p><strong>&#8211; Director y Fundador de la Jove Orquestra Simf\u00f2nica de Marratx\u00ed des de 2012<\/strong><\/p><p><strong>&#8211; Director y Fundador del Ensemble de Guitarra (de NostraTerra y de Obrador desde el a\u00f1o 2000<\/strong>)<\/p><p><strong>&#8211; Director de la coral de Obrador de m\u00fasics desde 2016.<\/strong><\/p><p><\/p><h2 class=\"wp-block-heading\"><strong>Cursos y Masterclas realizadas:<\/strong><\/h2><p><br>&#8211; Curso de Guitarra con el concertista Alex Garrov\u00e9<br>&#8211; Curso de Guitarra con el concertista Miguel Trapaga<br>-Curso de Saxof\u00f3n con Manuel Mij\u00e1n (Catedr\u00e1tico del Real Conservatorio Superior de Madrid)<br>-MasterClass con el concertista, Ricardo Jes\u00fas Gall\u00e9n Garc\u00eda.<br>-Curso de t\u00e9cnica guitarr\u00edstica con Antonio Duro.<\/p><p>&#8211; Curso de Guitarra con Margarita Escarpa-<br>&#8211; Asistencia a la masterclas de guitarra impartida por David Russell en Conservatori Professional de M\u00fasica de les Illes Balears.<br><strong><br><\/strong><br><\/p>","protected":false},"excerpt":{"rendered":"<p>Pep Corbal\u00e1n Llabr\u00e9s, nacido en Palma de Mallorca el 30 de marzo de 1979. Comenc\u00e9 mis estudios de guitarra con la profesora Maria Ant\u00f2nia Mulet, despu\u00e9s de superar las pruebas de acceso,\u00a0 ingres\u00e9 en 4\u00ba curso de guitarra del Conservatori Professional de M\u00fasica i Dansa de les Illes Balears, donde estudi\u00e9 con Llu\u00eds Rull\u00e1n. Los \u00faltimos cursos de grado profesional los curs\u00e9 con los profesores\u00a0 Guillem Noguera y Miquel \u00c0ngel Aguil\u00f3. El grado superior lo curs\u00e9 en el Conservatorio Superior de les Illes Balears, con Miquel \u00c0ngel Aguil\u00f3. Inici\u00e9 los estudios de Magisterios Musical i Pedagog\u00eda Musical en la UIB y en el Conservatorio Superior de les lles Balears, a\u00fan no tengo finalizadas las especialidades a falta de varias asignaturas. He participado en diversos recitales en las Islas Baleares tanto de solista como de componente del &#8220;Quartet de Guitarres NostraTerra&#8221;, tambi\u00e9n he realizado conciertos\u00a0de Guitarra solista con la banda de musical Uni\u00f3 Musical NostraTerra.He cursado hasta quinto curso de saxof\u00f3n de los estudios profesionales, teniendo como maestros a Catalina Ribot y V\u00edctor Mart\u00ednez. He realizado diversos cursos de\u00a0 Saxof\u00f3n con Manuel Mij\u00e1n (Catedr\u00e1tico del Real Conservatori Superior de Madrid). Actualmente soy el director de la escuela de m\u00fasica \u201cNostra Terra\u201d de Son Ferriol, escuela reglada, que imparte ense\u00f1anzas oficiales de grado elemental. Ejerzo de profesor de lenguaje musical y de guitarra desde el curso de 1998-1999. Soy el director de la escuela Autorizada de grado elemental Obrador de M\u00fasics Marratx\u00ed, que ha abierto sus puertas el curso 2011-2012, y que imparte tamb\u00e9 adem\u00e1s de las especialidades en m\u00fasica y m\u00fasica morderna, Ballet y Teatro Musical.Actualmente soy el director de la Banda de Son Ferriol , del coro de s&#8217;Obrador de M\u00fasics, de la Orquestra de Guitarra de Marratx\u00ed, del Ensemble de Cuerdas de Obrador de M\u00fasics y de la Jove Orquestra Simf\u00f2nica de Marratx\u00ed de la cual soy fundador. &nbsp;Experipencia com a director: &#8211; Director de la Banda de Son Ferriol des de 2005 &#8211; Director y Fundador de la Jove Orquestra Simf\u00f2nica de Marratx\u00ed des de 2012 &#8211; Director y Fundador del Ensemble de Guitarra (de NostraTerra y de Obrador desde el a\u00f1o 2000) &#8211; Director de la coral de Obrador de m\u00fasics desde 2016. Cursos y Masterclas realizadas: &#8211; Curso de Guitarra con el concertista Alex Garrov\u00e9&#8211; Curso de Guitarra con el concertista Miguel Trapaga-Curso de Saxof\u00f3n con Manuel Mij\u00e1n (Catedr\u00e1tico del Real Conservatorio Superior de Madrid)-MasterClass con el concertista, Ricardo Jes\u00fas Gall\u00e9n Garc\u00eda.-Curso de t\u00e9cnica guitarr\u00edstica con Antonio Duro. &#8211; Curso de Guitarra con Margarita Escarpa-&#8211; Asistencia a la masterclas de guitarra impartida por David Russell en Conservatori Professional de M\u00fasica de les Illes Balears.<\/p>\n","protected":false},"author":1,"featured_media":0,"parent":0,"menu_order":0,"comment_status":"closed","ping_status":"open","template":"","meta":{"om_disable_all_campaigns":false,"_monsterinsights_skip_tracking":false,"_monsterinsights_sitenote_active":false,"_monsterinsights_sitenote_note":"","_monsterinsights_sitenote_category":0,"footnotes":""},"class_list":["post-2","page","type-page","status-publish","hentry"],"aioseo_notices":[],"jetpack_sharing_enabled":true,"_links":{"self":[{"href":"https:\/\/pepcorbalan.com\/index.php\/wp-json\/wp\/v2\/pages\/2","targetHints":{"allow":["GET"]}}],"collection":[{"href":"https:\/\/pepcorbalan.com\/index.php\/wp-json\/wp\/v2\/pages"}],"about":[{"href":"https:\/\/pepcorbalan.com\/index.php\/wp-json\/wp\/v2\/types\/page"}],"author":[{"embeddable":true,"href":"https:\/\/pepcorbalan.com\/index.php\/wp-json\/wp\/v2\/users\/1"}],"replies":[{"embeddable":true,"href":"https:\/\/pepcorbalan.com\/index.php\/wp-json\/wp\/v2\/comments?post=2"}],"version-history":[{"count":2,"href":"https:\/\/pepcorbalan.com\/index.php\/wp-json\/wp\/v2\/pages\/2\/revisions"}],"predecessor-version":[{"id":370,"href":"https:\/\/pepcorbalan.com\/index.php\/wp-json\/wp\/v2\/pages\/2\/revisions\/370"}],"wp:attachment":[{"href":"https:\/\/pepcorbalan.com\/index.php\/wp-json\/wp\/v2\/media?parent=2"}],"curies":[{"name":"wp","href":"https:\/\/api.w.org\/{rel}","templated":true}]}}