{"id":27,"date":"2022-08-04T10:03:17","date_gmt":"2022-08-04T10:03:17","guid":{"rendered":"https:\/\/pepcorbalan.com\/?page_id=27"},"modified":"2022-08-09T10:33:18","modified_gmt":"2022-08-09T10:33:18","slug":"guitarra-you-tube","status":"publish","type":"page","link":"https:\/\/pepcorbalan.com\/index.php\/guitarra-you-tube\/","title":{"rendered":"S\u00edguenos en nuestros canales de  You Tube"},"content":{"rendered":"<p>Bienvenidos a la secci\u00f3n de v\u00eddeos de youtube, en esta secci\u00f3n comparto los v\u00eddeos de guitarra, de la banda de m\u00fasica amateur de Son Ferriol y de la Jove orquestra simf\u00f2nica de Marratx\u00ed, de las cuales soy el director musical.<\/p><p>Parte de los arreglos y materiales que se tocan estan adaptados a las agrupaciones y perfilamos ls instrumentaci\u00f3n a los m\u00fasicos con los que contamos.<\/p><p>Espero que sean de vuestro agrado y que os suscrib\u00e1is a los canales y si es de vuestro agrado apoy\u00e9is los v\u00eddeos que os comparto, para hacer crecer nuestra comunidad de YouTube.<\/p><p>Como ver\u00e9is algunas de las grabaciones tienen diferente calidad de audio entre los diferentes v\u00eddeos. <br>Algunas de la grabaciones son en la calle o en espacios que no permiten una grabaci\u00f3n de estudio, as\u00ed que os pido comprensi\u00f3n con la calidad del audio de los temas que compartir\u00e9 en estas secciones!<\/p><p>Os dejo aqu\u00ed los enlaces a los canales de YouTube de los v\u00eddeos por si lo quer\u00e9is visitarlos independientemente de que pod\u00e1is ver los v\u00eddeos aqu\u00ed en la p\u00e1gina Web oficial:<\/p><p>OS AGRADECER\u00c9 MUCHO QUE OS SUSCRIBAIS A LOS CANALES DE YOUTUBE, NOS AYUD\u00c1IS A CRECER Y ASI ESTAR\u00c9IS INFORMADOS DE LA SUBIDA DE NUEVOS V\u00cdDEOS,  ADEM\u00c1S DE GRATUITO!!!<\/p><p>Jove Orquestra Simf\u00f2nica de Marratx\u00ed:<\/p><figure class=\"wp-block-image size-large is-resized\"><img loading=\"lazy\" decoding=\"async\" src=\"https:\/\/pepcorbalan.com\/wp-content\/uploads\/2022\/08\/provaobrador2_-goma-magina-i-format-sense-espais-blancs-1024x724.png\" alt=\"\" class=\"wp-image-100\" width=\"271\" height=\"191\" srcset=\"https:\/\/pepcorbalan.com\/wp-content\/uploads\/2022\/08\/provaobrador2_-goma-magina-i-format-sense-espais-blancs-1024x724.png 1024w, https:\/\/pepcorbalan.com\/wp-content\/uploads\/2022\/08\/provaobrador2_-goma-magina-i-format-sense-espais-blancs-300x212.png 300w, https:\/\/pepcorbalan.com\/wp-content\/uploads\/2022\/08\/provaobrador2_-goma-magina-i-format-sense-espais-blancs-768x543.png 768w, https:\/\/pepcorbalan.com\/wp-content\/uploads\/2022\/08\/provaobrador2_-goma-magina-i-format-sense-espais-blancs-1536x1086.png 1536w, https:\/\/pepcorbalan.com\/wp-content\/uploads\/2022\/08\/provaobrador2_-goma-magina-i-format-sense-espais-blancs-2048x1448.png 2048w, https:\/\/pepcorbalan.com\/wp-content\/uploads\/2022\/08\/provaobrador2_-goma-magina-i-format-sense-espais-blancs-1140x806.png 1140w\" sizes=\"auto, (max-width: 271px) 100vw, 271px\" \/><\/figure><p><\/p><p><a href=\"https:\/\/www.youtube.com\/channel\/UClA-yKaTPhWXWy_Me4TMSyw\">https:\/\/www.youtube.com\/channel\/UClA-yKaTPhWXWy_Me4TMSyw<\/a><\/p><p><\/p><p>Banda de M\u00fasica de Son Ferriol:<\/p><figure class=\"wp-block-image size-full is-resized\"><img loading=\"lazy\" decoding=\"async\" src=\"https:\/\/pepcorbalan.com\/wp-content\/uploads\/2022\/08\/escut-1.bmp\" alt=\"\" class=\"wp-image-101\" width=\"154\" height=\"154\" srcset=\"https:\/\/pepcorbalan.com\/wp-content\/uploads\/2022\/08\/escut-1.bmp 114w, https:\/\/pepcorbalan.com\/wp-content\/uploads\/2022\/08\/escut-1-75x75.jpg 75w\" sizes=\"auto, (max-width: 154px) 100vw, 154px\" \/><\/figure><p><a href=\"https:\/\/www.youtube.com\/user\/cazad0r1979\">https:\/\/www.youtube.com\/user\/cazad0r1979<\/a><\/p><p>\u200b<\/p><p><\/p>","protected":false},"excerpt":{"rendered":"<p>Bienvenidos a la secci\u00f3n de v\u00eddeos de youtube, en esta secci\u00f3n comparto los v\u00eddeos de guitarra, de la banda de m\u00fasica amateur de Son Ferriol y de la Jove orquestra simf\u00f2nica de Marratx\u00ed, de las cuales soy el director musical. Parte de los arreglos y materiales que se tocan estan adaptados a las agrupaciones y perfilamos ls instrumentaci\u00f3n a los m\u00fasicos con los que contamos. Espero que sean de vuestro agrado y que os suscrib\u00e1is a los canales y si es de vuestro agrado apoy\u00e9is los v\u00eddeos que os comparto, para hacer crecer nuestra comunidad de YouTube. Como ver\u00e9is algunas de las grabaciones tienen diferente calidad de audio entre los diferentes v\u00eddeos. Algunas de la grabaciones son en la calle o en espacios que no permiten una grabaci\u00f3n de estudio, as\u00ed que os pido comprensi\u00f3n con la calidad del audio de los temas que compartir\u00e9 en estas secciones! Os dejo aqu\u00ed los enlaces a los canales de YouTube de los v\u00eddeos por si lo quer\u00e9is visitarlos independientemente de que pod\u00e1is ver los v\u00eddeos aqu\u00ed en la p\u00e1gina Web oficial: OS AGRADECER\u00c9 MUCHO QUE OS SUSCRIBAIS A LOS CANALES DE YOUTUBE, NOS AYUD\u00c1IS A CRECER Y ASI ESTAR\u00c9IS INFORMADOS DE LA SUBIDA DE NUEVOS V\u00cdDEOS, ADEM\u00c1S DE GRATUITO!!! Jove Orquestra Simf\u00f2nica de Marratx\u00ed: https:\/\/www.youtube.com\/channel\/UClA-yKaTPhWXWy_Me4TMSyw Banda de M\u00fasica de Son Ferriol: https:\/\/www.youtube.com\/user\/cazad0r1979 \u200b<\/p>\n","protected":false},"author":1,"featured_media":0,"parent":0,"menu_order":0,"comment_status":"open","ping_status":"closed","template":"","meta":{"om_disable_all_campaigns":false,"_monsterinsights_skip_tracking":false,"_monsterinsights_sitenote_active":false,"_monsterinsights_sitenote_note":"","_monsterinsights_sitenote_category":0,"footnotes":""},"class_list":["post-27","page","type-page","status-publish","hentry"],"aioseo_notices":[],"jetpack_sharing_enabled":true,"_links":{"self":[{"href":"https:\/\/pepcorbalan.com\/index.php\/wp-json\/wp\/v2\/pages\/27","targetHints":{"allow":["GET"]}}],"collection":[{"href":"https:\/\/pepcorbalan.com\/index.php\/wp-json\/wp\/v2\/pages"}],"about":[{"href":"https:\/\/pepcorbalan.com\/index.php\/wp-json\/wp\/v2\/types\/page"}],"author":[{"embeddable":true,"href":"https:\/\/pepcorbalan.com\/index.php\/wp-json\/wp\/v2\/users\/1"}],"replies":[{"embeddable":true,"href":"https:\/\/pepcorbalan.com\/index.php\/wp-json\/wp\/v2\/comments?post=27"}],"version-history":[{"count":8,"href":"https:\/\/pepcorbalan.com\/index.php\/wp-json\/wp\/v2\/pages\/27\/revisions"}],"predecessor-version":[{"id":409,"href":"https:\/\/pepcorbalan.com\/index.php\/wp-json\/wp\/v2\/pages\/27\/revisions\/409"}],"wp:attachment":[{"href":"https:\/\/pepcorbalan.com\/index.php\/wp-json\/wp\/v2\/media?parent=27"}],"curies":[{"name":"wp","href":"https:\/\/api.w.org\/{rel}","templated":true}]}}