{"id":30,"date":"2022-08-04T10:05:04","date_gmt":"2022-08-04T10:05:04","guid":{"rendered":"https:\/\/pepcorbalan.com\/?page_id=30"},"modified":"2022-08-08T17:35:07","modified_gmt":"2022-08-08T17:35:07","slug":"getion-de-centros","status":"publish","type":"page","link":"https:\/\/pepcorbalan.com\/index.php\/getion-de-centros\/","title":{"rendered":"Geti\u00f3n de Centros"},"content":{"rendered":"<p>Esta Secci\u00f3n muestra los dos centros en los que he trabajado durante estos \u00faltimos 20 a\u00f1os, su crecimiento, buen funcionamiento y buena valoraci\u00f3n por las partes que los actores activos de los forman, como  las juntas directivas, los alumnos, padres y los profesores que han sido y son parte actualmente de los centros a lo largo de estos a\u00f1os,  avalan el buen hacer en la gesti\u00f3n de centros musicales.<\/p><p>Las gesti\u00f3n del centro a nivel de las ofertas de las actividades, de la gesti\u00f3n pedag\u00f3gica, de la gesti\u00f3n humana y de equipo, y sobre todo del trato a los alumnos para potenciar su talento y ganas de aprender y divertirse con la m\u00fasica haci\u00e9ndoles aptos y aut\u00f3nomos en la medida que van avanzando en sus estudios es el objetico de funcionamiento del centro.<\/p><p>A lo largo de estos 20 a\u00f1os, hemos visto como muchos de los proyectos de m\u00fasico que empezaron con 3-4 a\u00f1os sus estudios con nosotros, fueron creciendo como m\u00fasicos y quemando sus etapas, en nuestros centros, en las agrupaciones musicales que dirijo, y posteriormente en los Conservatorios profesionales y y Superiores que ellos decidieron para continuar sus estudios. <\/p><p> Nada puede ser m\u00e1s satisfactorio, que ver como con el pasar de los a\u00f1os el cari\u00f1o que se les inculc\u00f3 a la m\u00fasica los ha convertido con el paso de los a\u00f1os en otros profesores o instrumentistas profesionales y que se dedican actualmente a la m\u00fasica. O incluso a aquellos que no han querido ser profesionales, pero que a\u00fan siguen ligados a la m\u00fasica en bandas, coros y agrupaciones amateurs propias o de otras asociaciones musicales de la isla.<\/p><p>Desde este espacio y habiendo puesto en contexto nuestra forma de trabajar y expectativas de cara a la gesti\u00f3n de centros musicales, estamos en la capacidad de poder ofrecer nuestros servicios a ayuntamientos, asociaciones, o entidades que deseen externalizar la gesti\u00f3n de su centro de ense\u00f1anzas art\u00edsticas.<\/p><p>Ten\u00e9is en esta secci\u00f3n dos pesta\u00f1as desplegables en donde ver los la informaci\u00f3n de los dos centros en los que estoy ahora mismo trabajando como profesor y director: <\/p><ul class=\"wp-block-list\"><li>Obrador de M\u00fasics Marratx\u00ed<\/li><li>Uni\u00f3 Musical NostraTerra<\/li><\/ul><p>Os dejamos a continuaci\u00f3n un formulario de contacto para obtener m\u00e1s informaci\u00f3n o simplemente para dejarnos vuestros datos para que contactemos con vosotros en caso de que sea de vuestro inter\u00e9s.<\/p><p>Gracias por leer este art\u00edculo, <\/p><p>Un saludos a todos!<\/p><p><\/p>\n<div class=\"wpcf7 no-js\" id=\"wpcf7-f402-o1\" lang=\"es-ES\" dir=\"ltr\" data-wpcf7-id=\"402\">\n<div class=\"screen-reader-response\"><p role=\"status\" aria-live=\"polite\" aria-atomic=\"true\"><\/p> <ul><\/ul><\/div>\n<form action=\"\/index.php\/wp-json\/wp\/v2\/pages\/30#wpcf7-f402-o1\" method=\"post\" class=\"wpcf7-form init\" aria-label=\"Formulario de contacto\" novalidate=\"novalidate\" data-status=\"init\">\n<fieldset class=\"hidden-fields-container\"><input type=\"hidden\" name=\"_wpcf7\" value=\"402\" \/><input type=\"hidden\" name=\"_wpcf7_version\" value=\"6.1.5\" \/><input type=\"hidden\" name=\"_wpcf7_locale\" value=\"es_ES\" \/><input type=\"hidden\" name=\"_wpcf7_unit_tag\" value=\"wpcf7-f402-o1\" \/><input type=\"hidden\" name=\"_wpcf7_container_post\" value=\"0\" \/><input type=\"hidden\" name=\"_wpcf7_posted_data_hash\" value=\"\" \/>\n<\/fieldset>\n<p><label> Tu nombre<br \/>\n<span class=\"wpcf7-form-control-wrap\" data-name=\"your-name\"><input size=\"40\" maxlength=\"400\" class=\"wpcf7-form-control wpcf7-text wpcf7-validates-as-required\" aria-required=\"true\" aria-invalid=\"false\" value=\"\" type=\"text\" name=\"your-name\" \/><\/span> <\/label>\n<\/p>\n<p><label> Nombre de tu asociaci\u00f3n<br \/>\n<span class=\"wpcf7-form-control-wrap\" data-name=\"your-name\"><input size=\"40\" maxlength=\"400\" class=\"wpcf7-form-control wpcf7-text wpcf7-validates-as-required\" aria-required=\"true\" aria-invalid=\"false\" value=\"\" type=\"text\" name=\"your-name\" \/><\/span> <\/label>\n<\/p>\n<p><label> Tu correo electr\u00f3nico<br \/>\n<span class=\"wpcf7-form-control-wrap\" data-name=\"your-email\"><input size=\"40\" maxlength=\"400\" class=\"wpcf7-form-control wpcf7-email wpcf7-validates-as-required wpcf7-text wpcf7-validates-as-email\" aria-required=\"true\" aria-invalid=\"false\" value=\"\" type=\"email\" name=\"your-email\" \/><\/span> <\/label>\n<\/p>\n<p><label> Tel\u00e9fono (opcional)<br \/>\n<span class=\"wpcf7-form-control-wrap\" data-name=\"telefono\"><input size=\"40\" maxlength=\"400\" class=\"wpcf7-form-control wpcf7-tel wpcf7-text wpcf7-validates-as-tel\" aria-invalid=\"false\" value=\"\" type=\"tel\" name=\"telefono\" \/><\/span> <\/label>\n<\/p>\n<p><label> Asunto<br \/>\n<span class=\"wpcf7-form-control-wrap\" data-name=\"your-subject\"><input size=\"40\" maxlength=\"400\" class=\"wpcf7-form-control wpcf7-text wpcf7-validates-as-required\" aria-required=\"true\" aria-invalid=\"false\" value=\"\" type=\"text\" name=\"your-subject\" \/><\/span> <\/label>\n<\/p>\n<p><label> Tu mensaje<br \/>\n<span class=\"wpcf7-form-control-wrap\" data-name=\"your-message\"><textarea cols=\"40\" rows=\"10\" maxlength=\"2000\" class=\"wpcf7-form-control wpcf7-textarea\" aria-invalid=\"false\" name=\"your-message\"><\/textarea><\/span> <\/label>\n<\/p>\n<p><input class=\"wpcf7-form-control wpcf7-submit has-spinner\" type=\"submit\" value=\"Enviar\" \/>\n<\/p><p style=\"display: none !important;\" class=\"akismet-fields-container\" data-prefix=\"_wpcf7_ak_\"><label>&#916;<textarea name=\"_wpcf7_ak_hp_textarea\" cols=\"45\" rows=\"8\" maxlength=\"100\"><\/textarea><\/label><input type=\"hidden\" id=\"ak_js_1\" name=\"_wpcf7_ak_js\" value=\"186\"\/><script type=\"text\/javascript\">\n\/* <![CDATA[ *\/\ndocument.getElementById( \"ak_js_1\" ).setAttribute( \"value\", ( new Date() ).getTime() );\n\/* ]]> *\/\n<\/script>\n<\/p><div class=\"wpcf7-response-output\" aria-hidden=\"true\"><\/div>\n<\/form>\n<\/div>\n","protected":false},"excerpt":{"rendered":"<p>Esta Secci\u00f3n muestra los dos centros en los que he trabajado durante estos \u00faltimos 20 a\u00f1os, su crecimiento, buen funcionamiento y buena valoraci\u00f3n por las partes que los actores activos de los forman, como las juntas directivas, los alumnos, padres y los profesores que han sido y son parte actualmente de los centros a lo largo de estos a\u00f1os, avalan el buen hacer en la gesti\u00f3n de centros musicales. Las gesti\u00f3n del centro a nivel de las ofertas de las actividades, de la gesti\u00f3n pedag\u00f3gica, de la gesti\u00f3n humana y de equipo, y sobre todo del trato a los alumnos para potenciar su talento y ganas de aprender y divertirse con la m\u00fasica haci\u00e9ndoles aptos y aut\u00f3nomos en la medida que van avanzando en sus estudios es el objetico de funcionamiento del centro. A lo largo de estos 20 a\u00f1os, hemos visto como muchos de los proyectos de m\u00fasico que empezaron con 3-4 a\u00f1os sus estudios con nosotros, fueron creciendo como m\u00fasicos y quemando sus etapas, en nuestros centros, en las agrupaciones musicales que dirijo, y posteriormente en los Conservatorios profesionales y y Superiores que ellos decidieron para continuar sus estudios. Nada puede ser m\u00e1s satisfactorio, que ver como con el pasar de los a\u00f1os el cari\u00f1o que se les inculc\u00f3 a la m\u00fasica los ha convertido con el paso de los a\u00f1os en otros profesores o instrumentistas profesionales y que se dedican actualmente a la m\u00fasica. O incluso a aquellos que no han querido ser profesionales, pero que a\u00fan siguen ligados a la m\u00fasica en bandas, coros y agrupaciones amateurs propias o de otras asociaciones musicales de la isla. Desde este espacio y habiendo puesto en contexto nuestra forma de trabajar y expectativas de cara a la gesti\u00f3n de centros musicales, estamos en la capacidad de poder ofrecer nuestros servicios a ayuntamientos, asociaciones, o entidades que deseen externalizar la gesti\u00f3n de su centro de ense\u00f1anzas art\u00edsticas. Ten\u00e9is en esta secci\u00f3n dos pesta\u00f1as desplegables en donde ver los la informaci\u00f3n de los dos centros en los que estoy ahora mismo trabajando como profesor y director: Obrador de M\u00fasics Marratx\u00ed Uni\u00f3 Musical NostraTerra Os dejamos a continuaci\u00f3n un formulario de contacto para obtener m\u00e1s informaci\u00f3n o simplemente para dejarnos vuestros datos para que contactemos con vosotros en caso de que sea de vuestro inter\u00e9s. Gracias por leer este art\u00edculo, Un saludos a todos!<\/p>\n","protected":false},"author":1,"featured_media":0,"parent":0,"menu_order":0,"comment_status":"closed","ping_status":"closed","template":"","meta":{"om_disable_all_campaigns":false,"_monsterinsights_skip_tracking":false,"_monsterinsights_sitenote_active":false,"_monsterinsights_sitenote_note":"","_monsterinsights_sitenote_category":0,"footnotes":""},"class_list":["post-30","page","type-page","status-publish","hentry"],"aioseo_notices":[],"jetpack_sharing_enabled":true,"_links":{"self":[{"href":"https:\/\/pepcorbalan.com\/index.php\/wp-json\/wp\/v2\/pages\/30","targetHints":{"allow":["GET"]}}],"collection":[{"href":"https:\/\/pepcorbalan.com\/index.php\/wp-json\/wp\/v2\/pages"}],"about":[{"href":"https:\/\/pepcorbalan.com\/index.php\/wp-json\/wp\/v2\/types\/page"}],"author":[{"embeddable":true,"href":"https:\/\/pepcorbalan.com\/index.php\/wp-json\/wp\/v2\/users\/1"}],"replies":[{"embeddable":true,"href":"https:\/\/pepcorbalan.com\/index.php\/wp-json\/wp\/v2\/comments?post=30"}],"version-history":[{"count":3,"href":"https:\/\/pepcorbalan.com\/index.php\/wp-json\/wp\/v2\/pages\/30\/revisions"}],"predecessor-version":[{"id":403,"href":"https:\/\/pepcorbalan.com\/index.php\/wp-json\/wp\/v2\/pages\/30\/revisions\/403"}],"wp:attachment":[{"href":"https:\/\/pepcorbalan.com\/index.php\/wp-json\/wp\/v2\/media?parent=30"}],"curies":[{"name":"wp","href":"https:\/\/api.w.org\/{rel}","templated":true}]}}