{"id":315,"date":"2022-08-06T10:56:20","date_gmt":"2022-08-06T10:56:20","guid":{"rendered":"https:\/\/pepcorbalan.com\/?page_id=315"},"modified":"2022-09-09T16:52:41","modified_gmt":"2022-09-09T16:52:41","slug":"obrador-de-musics-marratxi","status":"publish","type":"page","link":"https:\/\/pepcorbalan.com\/index.php\/obrador-de-musics-marratxi\/","title":{"rendered":"Obrador de M\u00fasics Marratx\u00ed"},"content":{"rendered":"<p>Obrador de M\u00fasics es mi proyecto personal y un centro autorizado por a Conselleria d&#8217;Educaci\u00f3 i Cultura de les Illes Balears. <\/p><p>Mi implicaci\u00f3n en el centro comenz\u00f3 en la reforma de los espacios y del local en el que est\u00e1 el centro educativo. la reforma del mismo se realiz\u00f3 entre 2009 y 2010, y cuenta con aulas insonorizadas y espacios espec\u00edficos para la pedagogia musical. Aulas para pr\u00e1ctica instrumental, aulas de ensayo, de ballet, teatro musical, etc&#8230;<\/p><p>Sobre el centro: (<a href=\"http:\/\/www.obradodemusics.com\" target=\"_blank\" rel=\"noopener\">www.obradodemusics.com<\/a>)                                                            <img loading=\"lazy\" decoding=\"async\" width=\"150\" height=\"151\" class=\"wp-image-316\" style=\"width: 150px;\" src=\"https:\/\/pepcorbalan.com\/wp-content\/uploads\/2022\/08\/OBRADOR-DE-MUSICS-3.jpg\" alt=\"\" srcset=\"https:\/\/pepcorbalan.com\/wp-content\/uploads\/2022\/08\/OBRADOR-DE-MUSICS-3.jpg 308w, https:\/\/pepcorbalan.com\/wp-content\/uploads\/2022\/08\/OBRADOR-DE-MUSICS-3-298x300.jpg 298w, https:\/\/pepcorbalan.com\/wp-content\/uploads\/2022\/08\/OBRADOR-DE-MUSICS-3-150x150.jpg 150w, https:\/\/pepcorbalan.com\/wp-content\/uploads\/2022\/08\/OBRADOR-DE-MUSICS-3-300x300.jpg 300w, https:\/\/pepcorbalan.com\/wp-content\/uploads\/2022\/08\/OBRADOR-DE-MUSICS-3-75x75.jpg 75w\" sizes=\"auto, (max-width: 150px) 100vw, 150px\" \/><\/p><p>Centro Autoritzado de M\u00fasica de grado elemental, reconocido por la Conselleria de Educaci\u00f3n y cultura de les Illes Balears. En este centro es puede cursar la titulaci\u00f3n oficial de m\u00fasica de grado elemental.<\/p><p>Obrador de M\u00fasics, nace en el a\u00f1o 2011. Como centro pertenece a la asociaci\u00f3n musical, sin \u00e1nimo de lucro, &nbsp; Uni\u00f3 Musical NostraTerra, que tambi\u00e9n representa y sigue representando una escuela REGLADA desde el a\u00f1o 1995 en Son Ferriol y con este nuevo centro tambi\u00e9n en Marratx\u00ed.<\/p><p>Este centro es el producto de 28 a\u00f1os de trabajo en el sector de las ense\u00f1anzas musicales, el producto de nuestra experiencia al momento de crear nuevos proyectos y su posterior gesti\u00f3n, y en la gesti\u00f3n de los recursos existentes para fomentar el aprendizaje, la convivencia y el amor a la m\u00fasica, han llevado a la creaci\u00f3n, de las estructuras necesarias per a poder ofreceros nuestra mejor versi\u00f3n en un centro completamente pensado y dise\u00f1ado para la ense\u00f1anza musical y art\u00edstica.<\/p><p>Desde el a\u00f1o 2011, en Obrador, no s\u00f3lo hemos hecho de la m\u00fasica la nuestra meta y filosof\u00eda, sino que poco a poco hemos ido  creando un centro integrado de estudios art\u00edsticos. Teatro Musical y  Ballet tambi\u00e9n est\u00e1n presentes y son parte esencial de nuestra forma de enteder la m\u00fasica y las artes como un todo interrelacionado.<\/p><p><\/p><p>El centro imparte m\u00fasica desde 1  a\u00f1o a los 99 a\u00f1os y usando diferentes metodologias adaptadas a las necesidades de los alumnos\/as:<\/p><ul class=\"wp-block-list\"><li><strong>Iniciaci\u00f3n a la M\u00fasica: <\/strong>M\u00fasica y movimiento (1-2 a\u00f1os) , Iniciaci\u00f3n A ( 3-4 a\u00f1os) , iniciaci\u00f3n B ( 5-6 a\u00f1os)&nbsp; y iniciaci\u00f3n C (7-8 a\u00f1os)<\/li><\/ul><ul class=\"wp-block-list\"><li><strong>Ense\u00f1anzas REGLADAS de m\u00fasicaa:&nbsp;<\/strong>&nbsp; 4 cursos de m\u00fasica que se pueden  iniciar desde los 8 a\u00f1os hasta los 99, (no hay edad l\u00edmite para cursar el grado elemental), que da derecho a la optenci\u00f3n de la titulaci\u00f3n oficial de grau\u00a1do elemental de m\u00fasica. Tambi\u00e9n existe una via NO REGLADA, para aquellos alumnos que no quieren cursar todo el horario lectivo que comporta el plan de estudios. Las clases para adultos, tambi\u00e9n estan presentes,  com la posibilidad de obtener tambi\u00e9n la titulaci\u00f3n, en grupos especif\u00edcos para adultos.<\/li><\/ul><ul class=\"wp-block-list\"><li><strong>Escuela de M\u00fasica moderna<\/strong>: Especialitades de Bateria, Guitarra El\u00e9ctrica, Bajo, Piano Moderno y Canto moderno. Modalidades de Rock, Jazz y Blues, informate de la disponibilidad. Los alumnos avanzados pueden participar tambi\u00e9b de combos instrumentales creados para poner en pr\u00e1ctica todo lo que aprenden en las clases.<\/li><\/ul><ul class=\"wp-block-list\"><li><strong>Aulas On-line:<\/strong> En obrador de M\u00fasics apostamos por las nueva tecnolog\u00edas, podr\u00e9is disfrutar de nuestra propia aula on-line donde podr\u00e1s realizar parte de los trabajos que se dan para hacer en las especialidades de lenguaje musical. Como los dictados musicales. Inf\u00f3rmate para hacer las subscripciones al aula on-line.<\/li><\/ul><ul class=\"wp-block-list\"><li><strong>Consulta el nuestro profesorado<\/strong>:\u00a0\u00a0\u00a0\u00a0\u00a0\u00a0\u00a0 El centre cuenta con unos profesionales cualificados y con titulaci\u00f3n Superior en sus especialidades.<\/li><\/ul><p><strong><em>MATRICULAS ABIERTAS PARA EL CURSO 2022-2023, INF\u00d3RMATE!<\/em><\/strong><\/p><figure class=\"wp-block-embed is-type-video is-provider-youtube wp-block-embed-youtube wp-embed-aspect-16-9 wp-has-aspect-ratio\"><div class=\"wp-block-embed__wrapper\">\n<iframe loading=\"lazy\" title=\"ESCOLA DE M\u00daSICA  OBRADOR DE M\u00daSICS --- Oberta Matr\u00edcula 2022-2023\" width=\"960\" height=\"540\" src=\"https:\/\/www.youtube.com\/embed\/IhvtYKUe9iE?feature=oembed\" frameborder=\"0\" allow=\"accelerometer; autoplay; clipboard-write; encrypted-media; gyroscope; picture-in-picture\" allowfullscreen><\/iframe>\n<\/div><\/figure><figure class=\"wp-block-embed is-type-video is-provider-youtube wp-block-embed-youtube wp-embed-aspect-16-9 wp-has-aspect-ratio\"><div class=\"wp-block-embed__wrapper\">\n<iframe loading=\"lazy\" title=\"TEATRE MUSICAL RAFEL BRUNET - Obert Pla\u00e7 d&#039;inscripci\u00f3 2022-2023!\" width=\"960\" height=\"540\" src=\"https:\/\/www.youtube.com\/embed\/Y2_1uhlST8Y?feature=oembed\" frameborder=\"0\" allow=\"accelerometer; autoplay; clipboard-write; encrypted-media; gyroscope; picture-in-picture\" allowfullscreen><\/iframe>\n<\/div><\/figure><figure class=\"wp-block-embed is-type-video is-provider-youtube wp-block-embed-youtube wp-embed-aspect-16-9 wp-has-aspect-ratio\"><div class=\"wp-block-embed__wrapper\">\n<iframe loading=\"lazy\" title=\"BALLET OBRADOR DE M\u00daSICS---Oberta Matr\u00edcula 2022-2023\" width=\"960\" height=\"540\" src=\"https:\/\/www.youtube.com\/embed\/rfg4__Bhn5s?feature=oembed\" frameborder=\"0\" allow=\"accelerometer; autoplay; clipboard-write; encrypted-media; gyroscope; picture-in-picture\" allowfullscreen><\/iframe>\n<\/div><\/figure><p><\/p>","protected":false},"excerpt":{"rendered":"<p>Obrador de M\u00fasics es mi proyecto personal y un centro autorizado por a Conselleria d&#8217;Educaci\u00f3 i Cultura de les Illes Balears. Mi implicaci\u00f3n en el centro comenz\u00f3 en la reforma de los espacios y del local en el que est\u00e1 el centro educativo. la reforma del mismo se realiz\u00f3 entre 2009 y 2010, y cuenta con aulas insonorizadas y espacios espec\u00edficos para la pedagogia musical. Aulas para pr\u00e1ctica instrumental, aulas de ensayo, de ballet, teatro musical, etc&#8230; Sobre el centro: (www.obradodemusics.com) Centro Autoritzado de M\u00fasica de grado elemental, reconocido por la Conselleria de Educaci\u00f3n y cultura de les Illes Balears. En este centro es puede cursar la titulaci\u00f3n oficial de m\u00fasica de grado elemental. Obrador de M\u00fasics, nace en el a\u00f1o 2011. Como centro pertenece a la asociaci\u00f3n musical, sin \u00e1nimo de lucro, &nbsp; Uni\u00f3 Musical NostraTerra, que tambi\u00e9n representa y sigue representando una escuela REGLADA desde el a\u00f1o 1995 en Son Ferriol y con este nuevo centro tambi\u00e9n en Marratx\u00ed. Este centro es el producto de 28 a\u00f1os de trabajo en el sector de las ense\u00f1anzas musicales, el producto de nuestra experiencia al momento de crear nuevos proyectos y su posterior gesti\u00f3n, y en la gesti\u00f3n de los recursos existentes para fomentar el aprendizaje, la convivencia y el amor a la m\u00fasica, han llevado a la creaci\u00f3n, de las estructuras necesarias per a poder ofreceros nuestra mejor versi\u00f3n en un centro completamente pensado y dise\u00f1ado para la ense\u00f1anza musical y art\u00edstica. Desde el a\u00f1o 2011, en Obrador, no s\u00f3lo hemos hecho de la m\u00fasica la nuestra meta y filosof\u00eda, sino que poco a poco hemos ido creando un centro integrado de estudios art\u00edsticos. Teatro Musical y Ballet tambi\u00e9n est\u00e1n presentes y son parte esencial de nuestra forma de enteder la m\u00fasica y las artes como un todo interrelacionado. El centro imparte m\u00fasica desde 1 a\u00f1o a los 99 a\u00f1os y usando diferentes metodologias adaptadas a las necesidades de los alumnos\/as: Iniciaci\u00f3n a la M\u00fasica: M\u00fasica y movimiento (1-2 a\u00f1os) , Iniciaci\u00f3n A ( 3-4 a\u00f1os) , iniciaci\u00f3n B ( 5-6 a\u00f1os)&nbsp; y iniciaci\u00f3n C (7-8 a\u00f1os) Ense\u00f1anzas REGLADAS de m\u00fasicaa:&nbsp;&nbsp; 4 cursos de m\u00fasica que se pueden iniciar desde los 8 a\u00f1os hasta los 99, (no hay edad l\u00edmite para cursar el grado elemental), que da derecho a la optenci\u00f3n de la titulaci\u00f3n oficial de grau\u00a1do elemental de m\u00fasica. Tambi\u00e9n existe una via NO REGLADA, para aquellos alumnos que no quieren cursar todo el horario lectivo que comporta el plan de estudios. Las clases para adultos, tambi\u00e9n estan presentes, com la posibilidad de obtener tambi\u00e9n la titulaci\u00f3n, en grupos especif\u00edcos para adultos. Escuela de M\u00fasica moderna: Especialitades de Bateria, Guitarra El\u00e9ctrica, Bajo, Piano Moderno y Canto moderno. Modalidades de Rock, Jazz y Blues, informate de la disponibilidad. Los alumnos avanzados pueden participar tambi\u00e9b de combos instrumentales creados para poner en pr\u00e1ctica todo lo que aprenden en las clases. Aulas On-line: En obrador de M\u00fasics apostamos por las nueva tecnolog\u00edas, podr\u00e9is disfrutar de nuestra propia aula on-line donde podr\u00e1s realizar parte de los trabajos que se dan para hacer en las especialidades de lenguaje musical. Como los dictados musicales. Inf\u00f3rmate para hacer las subscripciones al aula on-line. Consulta el nuestro profesorado:\u00a0\u00a0\u00a0\u00a0\u00a0\u00a0\u00a0 El centre cuenta con unos profesionales cualificados y con titulaci\u00f3n Superior en sus especialidades. MATRICULAS ABIERTAS PARA EL CURSO 2022-2023, INF\u00d3RMATE!<\/p>\n","protected":false},"author":1,"featured_media":316,"parent":0,"menu_order":0,"comment_status":"closed","ping_status":"closed","template":"","meta":{"om_disable_all_campaigns":false,"_monsterinsights_skip_tracking":false,"_monsterinsights_sitenote_active":false,"_monsterinsights_sitenote_note":"","_monsterinsights_sitenote_category":0,"footnotes":""},"class_list":["post-315","page","type-page","status-publish","has-post-thumbnail","hentry"],"aioseo_notices":[],"jetpack_sharing_enabled":true,"_links":{"self":[{"href":"https:\/\/pepcorbalan.com\/index.php\/wp-json\/wp\/v2\/pages\/315","targetHints":{"allow":["GET"]}}],"collection":[{"href":"https:\/\/pepcorbalan.com\/index.php\/wp-json\/wp\/v2\/pages"}],"about":[{"href":"https:\/\/pepcorbalan.com\/index.php\/wp-json\/wp\/v2\/types\/page"}],"author":[{"embeddable":true,"href":"https:\/\/pepcorbalan.com\/index.php\/wp-json\/wp\/v2\/users\/1"}],"replies":[{"embeddable":true,"href":"https:\/\/pepcorbalan.com\/index.php\/wp-json\/wp\/v2\/comments?post=315"}],"version-history":[{"count":3,"href":"https:\/\/pepcorbalan.com\/index.php\/wp-json\/wp\/v2\/pages\/315\/revisions"}],"predecessor-version":[{"id":421,"href":"https:\/\/pepcorbalan.com\/index.php\/wp-json\/wp\/v2\/pages\/315\/revisions\/421"}],"wp:featuredmedia":[{"embeddable":true,"href":"https:\/\/pepcorbalan.com\/index.php\/wp-json\/wp\/v2\/media\/316"}],"wp:attachment":[{"href":"https:\/\/pepcorbalan.com\/index.php\/wp-json\/wp\/v2\/media?parent=315"}],"curies":[{"name":"wp","href":"https:\/\/api.w.org\/{rel}","templated":true}]}}