{"id":323,"date":"2022-08-06T11:19:57","date_gmt":"2022-08-06T11:19:57","guid":{"rendered":"https:\/\/pepcorbalan.com\/?page_id=323"},"modified":"2022-08-06T11:51:02","modified_gmt":"2022-08-06T11:51:02","slug":"unio-musical-nostraterra","status":"publish","type":"page","link":"https:\/\/pepcorbalan.com\/index.php\/unio-musical-nostraterra\/","title":{"rendered":"Uni\u00f3 Musical NostraTerra"},"content":{"rendered":"<figure class=\"wp-block-image size-full\"><img loading=\"lazy\" decoding=\"async\" width=\"114\" height=\"114\" src=\"https:\/\/pepcorbalan.com\/wp-content\/uploads\/2022\/08\/escut-1-1.bmp\" alt=\"\" class=\"wp-image-329\" srcset=\"https:\/\/pepcorbalan.com\/wp-content\/uploads\/2022\/08\/escut-1-1.bmp 114w, https:\/\/pepcorbalan.com\/wp-content\/uploads\/2022\/08\/escut-1-1-75x75.jpg 75w\" sizes=\"auto, (max-width: 114px) 100vw, 114px\" \/><\/figure><p>Este centro pertenece a la entidad ciudadana de Palma Uni\u00f3 Musical NostraTerra, es un centro reconocido por la Conselleria d&#8217;Educaci\u00f3 i Universitat de les Illes Balears.<\/p><p>\u00a0La finalidad de esta escuela de m\u00fasica\u00a0tiene dos objetivos: que todos los ni\u00f1os\u00a0de Son Ferriol puedan  acceder a una escuela \u00a0de m\u00fasica\u00a0 a unos precios razonables y que la calidad de la ense\u00f1anza musical\u00a0 est\u00e9 equiparada a les exigencias de la LOE. <\/p><p>Impartimos todo el grado elemental reglado y preparamos a los alumnos que as\u00ed lo desean a nivel de grado medio tanto de lenguaje musical y de instrumentos,\u00a0 tambi\u00e9n se prepara a los alumnos para las pruebas de d\u2019aceso al conservatorio.<\/p><p>Tanto una cosa como la otra suponen un esfuerzo por parte de todos, siempre hay cosas que mejorar y elaboramos un sistemas de autoevaluaci\u00f3n del centro cada curso para mejorar y dar lo mejor de nosotros.<\/p><p>\u00a0\u00a0 El \u00e1mbito de cobertura\u00a0 es extenso abarca\u00a0alumnos de Son Ferriol, Sant\u00a0Jordi, Casablanca, Marratx\u00ed , Coll d\u2019en Rabassa, Sencelles, Santa Eug\u00e8nia, Santa Maria, y\u00a0Palma. <\/p><p>La respuesta por parte de toda la barriada\u00a0 es  muy positiva y es\u00a0 un gran est\u00edmulo\u00a0 ver como la m\u00fasica va ganando\u00a0un lugar en los complejos horarios de materias extraescolares de los ni\u00f1os, y que los introduce en un mundo diferente al de les actividades l\u00fadicas\u00a0 m\u00e1s caracter\u00edsticas como son el f\u00fatbol, b\u00e1squet. Etc..<\/p><p><\/p>","protected":false},"excerpt":{"rendered":"<p>Este centro pertenece a la entidad ciudadana de Palma Uni\u00f3 Musical NostraTerra, es un centro reconocido por la Conselleria d&#8217;Educaci\u00f3 i Universitat de les Illes Balears. \u00a0La finalidad de esta escuela de m\u00fasica\u00a0tiene dos objetivos: que todos los ni\u00f1os\u00a0de Son Ferriol puedan acceder a una escuela \u00a0de m\u00fasica\u00a0 a unos precios razonables y que la calidad de la ense\u00f1anza musical\u00a0 est\u00e9 equiparada a les exigencias de la LOE. Impartimos todo el grado elemental reglado y preparamos a los alumnos que as\u00ed lo desean a nivel de grado medio tanto de lenguaje musical y de instrumentos,\u00a0 tambi\u00e9n se prepara a los alumnos para las pruebas de d\u2019aceso al conservatorio. Tanto una cosa como la otra suponen un esfuerzo por parte de todos, siempre hay cosas que mejorar y elaboramos un sistemas de autoevaluaci\u00f3n del centro cada curso para mejorar y dar lo mejor de nosotros. \u00a0\u00a0 El \u00e1mbito de cobertura\u00a0 es extenso abarca\u00a0alumnos de Son Ferriol, Sant\u00a0Jordi, Casablanca, Marratx\u00ed , Coll d\u2019en Rabassa, Sencelles, Santa Eug\u00e8nia, Santa Maria, y\u00a0Palma. La respuesta por parte de toda la barriada\u00a0 es muy positiva y es\u00a0 un gran est\u00edmulo\u00a0 ver como la m\u00fasica va ganando\u00a0un lugar en los complejos horarios de materias extraescolares de los ni\u00f1os, y que los introduce en un mundo diferente al de les actividades l\u00fadicas\u00a0 m\u00e1s caracter\u00edsticas como son el f\u00fatbol, b\u00e1squet. Etc..<\/p>\n","protected":false},"author":1,"featured_media":0,"parent":0,"menu_order":0,"comment_status":"closed","ping_status":"closed","template":"","meta":{"om_disable_all_campaigns":false,"_monsterinsights_skip_tracking":false,"_monsterinsights_sitenote_active":false,"_monsterinsights_sitenote_note":"","_monsterinsights_sitenote_category":0,"footnotes":""},"class_list":["post-323","page","type-page","status-publish","hentry"],"aioseo_notices":[],"jetpack_sharing_enabled":true,"_links":{"self":[{"href":"https:\/\/pepcorbalan.com\/index.php\/wp-json\/wp\/v2\/pages\/323","targetHints":{"allow":["GET"]}}],"collection":[{"href":"https:\/\/pepcorbalan.com\/index.php\/wp-json\/wp\/v2\/pages"}],"about":[{"href":"https:\/\/pepcorbalan.com\/index.php\/wp-json\/wp\/v2\/types\/page"}],"author":[{"embeddable":true,"href":"https:\/\/pepcorbalan.com\/index.php\/wp-json\/wp\/v2\/users\/1"}],"replies":[{"embeddable":true,"href":"https:\/\/pepcorbalan.com\/index.php\/wp-json\/wp\/v2\/comments?post=323"}],"version-history":[{"count":3,"href":"https:\/\/pepcorbalan.com\/index.php\/wp-json\/wp\/v2\/pages\/323\/revisions"}],"predecessor-version":[{"id":332,"href":"https:\/\/pepcorbalan.com\/index.php\/wp-json\/wp\/v2\/pages\/323\/revisions\/332"}],"wp:attachment":[{"href":"https:\/\/pepcorbalan.com\/index.php\/wp-json\/wp\/v2\/media?parent=323"}],"curies":[{"name":"wp","href":"https:\/\/api.w.org\/{rel}","templated":true}]}}