{"id":334,"date":"2022-08-06T11:52:11","date_gmt":"2022-08-06T11:52:11","guid":{"rendered":"https:\/\/pepcorbalan.com\/?page_id=334"},"modified":"2022-08-08T17:27:43","modified_gmt":"2022-08-08T17:27:43","slug":"clases-on-line","status":"publish","type":"page","link":"https:\/\/pepcorbalan.com\/index.php\/clases-on-line\/","title":{"rendered":"Clases On-line"},"content":{"rendered":"<blockquote class=\"wp-block-quote is-layout-flow wp-block-quote-is-layout-flow\"><p>\u00bfEres una persona que no tiene tiempo de salir de casa y no puedes asistir de forma presencial a <strong>clases de guitarra<\/strong>?  <\/p><\/blockquote><p>En un centro formal de ense\u00f1anzas musicales, encontrar\u00e1s buenos profesionales que te guiar\u00e1n en tu camino para tener las habilidades necesarias para tocar de forma individual la guitarra, de hecho que os ofrezca clases on-line no quita que lo ideal es compaginarlas con las clases presenciales.  Pero  para aquellos que no tienen horario suficiente para desplazarse, a las escuelas de m\u00fasica,  pero quieren aprender a tocar la guitarra, pod\u00e9is contacta conmigo y  cuadrar agendas para poner unos horarios que se adapten a tus necesidades e ir realizando una sesi\u00f3n semanal.<\/p><p>De estar forma podr\u00e1s avanzar y si lo deseas podr\u00e1s compaginar las clases on-line con alguna sesi\u00f3n presencial en el centro Obrador de M\u00fasics Marratx\u00ed.<\/p><p>\u00bfQu\u00e9 necesidades t\u00e9cnicas tienes para hacer las clases on-line?<\/p><ul class=\"wp-block-list\"><li>Una cuenta gratuita de GMAIL<\/li><li>Google meet (aplicaci\u00f3n gratuita de gmail)<\/li><li>Una webcam para poder ver y hablar por ella.<\/li><\/ul><p>\u00bfQu\u00e9 necesidades tengo a nivel material?<\/p><ul class=\"wp-block-list\"><li>Una guitarra espa\u00f1ola<\/li><li>una pie de guitarra<\/li><li>un atril y un afinador para guitarra<\/li><li>&#8220;Un libro&#8221; para ir siguiendo las lecciones.<\/li><\/ul><p> A partir de aqu\u00ed lo \u00fanico que necesitas es tener ganas y ilusi\u00f3n y constancia, ya que para poder progresar, cuanto m\u00e1s tiempo puedas dedicarle a la pr\u00e1ctica del instrumento, m\u00e1s cerca estar\u00e1s de conseguir tus objetivos.<\/p><blockquote class=\"wp-block-quote is-layout-flow wp-block-quote-is-layout-flow\"><p><strong>Clases de lenguaje musical,<\/strong> preparaci\u00f3n para las pruebas de acceso al Conservatorio, repaso de lenguaje musical tambi\u00e9n son clases que os puedo ofrecer on-line en caso de ser de vuestro inter\u00e9s, al igual que las clases de guitarra.<\/p><\/blockquote><p>En este tipo de clases podemos usar tambi\u00e9n herramientas como classroom para compartir documentos y elementos que sean necesarios para las clases.<\/p><p><\/p><p>Para realizar las clases , hay que realizar un pago a trav\u00e9s de paypal o Bizum, para la sesi\u00f3n que deseas realizar.<\/p><p>y Luego conectarnos a la secci\u00f3n de Google meet, es sencillo y sin complicaciones.<\/p><p>Para m\u00e1s informaci\u00f3n contacta conmigo en el siguiente formulario:<\/p><p><\/p><p><\/p><p><\/p>\n<div class=\"wpcf7 no-js\" id=\"wpcf7-f397-o1\" lang=\"es-ES\" dir=\"ltr\" data-wpcf7-id=\"397\">\n<div class=\"screen-reader-response\"><p role=\"status\" aria-live=\"polite\" aria-atomic=\"true\"><\/p> <ul><\/ul><\/div>\n<form action=\"\/index.php\/wp-json\/wp\/v2\/pages\/334#wpcf7-f397-o1\" method=\"post\" class=\"wpcf7-form init\" aria-label=\"Formulario de contacto\" novalidate=\"novalidate\" data-status=\"init\">\n<fieldset class=\"hidden-fields-container\"><input type=\"hidden\" name=\"_wpcf7\" value=\"397\" \/><input type=\"hidden\" name=\"_wpcf7_version\" value=\"6.1.5\" \/><input type=\"hidden\" name=\"_wpcf7_locale\" value=\"es_ES\" \/><input type=\"hidden\" name=\"_wpcf7_unit_tag\" value=\"wpcf7-f397-o1\" \/><input type=\"hidden\" name=\"_wpcf7_container_post\" value=\"0\" \/><input type=\"hidden\" name=\"_wpcf7_posted_data_hash\" value=\"\" \/>\n<\/fieldset>\n<p><label> Tu nombre<br \/>\n<span class=\"wpcf7-form-control-wrap\" data-name=\"your-name\"><input size=\"40\" maxlength=\"400\" class=\"wpcf7-form-control wpcf7-text wpcf7-validates-as-required\" aria-required=\"true\" aria-invalid=\"false\" value=\"\" type=\"text\" name=\"your-name\" \/><\/span> <\/label>\n<\/p>\n<p><label> Tu correo electr\u00f3nico<br \/>\n<span class=\"wpcf7-form-control-wrap\" data-name=\"your-email\"><input size=\"40\" maxlength=\"400\" class=\"wpcf7-form-control wpcf7-email wpcf7-validates-as-required wpcf7-text wpcf7-validates-as-email\" aria-required=\"true\" aria-invalid=\"false\" value=\"\" type=\"email\" name=\"your-email\" \/><\/span> <\/label>\n<\/p>\n<p><label> Asunto<br \/>\n<span class=\"wpcf7-form-control-wrap\" data-name=\"your-subject\"><input size=\"40\" maxlength=\"400\" class=\"wpcf7-form-control wpcf7-text wpcf7-validates-as-required\" aria-required=\"true\" aria-invalid=\"false\" value=\"\" type=\"text\" name=\"your-subject\" \/><\/span> <\/label>\n<\/p>\n<p><label> Tel\u00e9fono (opcional)<br \/>\n<span class=\"wpcf7-form-control-wrap\" data-name=\"telefono\"><input size=\"40\" maxlength=\"400\" class=\"wpcf7-form-control wpcf7-tel wpcf7-text wpcf7-validates-as-tel\" aria-invalid=\"false\" value=\"\" type=\"tel\" name=\"telefono\" \/><\/span> <\/label>\n<\/p>\n<p><span class=\"wpcf7-form-control-wrap\" data-name=\"Queclasedeseas\"><select class=\"wpcf7-form-control wpcf7-select wpcf7-validates-as-required\" aria-required=\"true\" aria-invalid=\"false\" multiple=\"multiple\" name=\"Queclasedeseas[]\"><option value=\"Clases de Guitarra\">Clases de Guitarra<\/option><option value=\"Clases de Lenguaje Musical\">Clases de Lenguaje Musical<\/option><\/select><\/span>\n<\/p>\n<p><label> Tu mensaje<br \/>\n<span class=\"wpcf7-form-control-wrap\" data-name=\"your-message\"><textarea cols=\"40\" rows=\"10\" maxlength=\"2000\" class=\"wpcf7-form-control wpcf7-textarea\" aria-invalid=\"false\" name=\"your-message\"><\/textarea><\/span> <\/label>\n<\/p>\n<p><input class=\"wpcf7-form-control wpcf7-submit has-spinner\" type=\"submit\" value=\"Enviar\" \/>\n<\/p><p style=\"display: none !important;\" class=\"akismet-fields-container\" data-prefix=\"_wpcf7_ak_\"><label>&#916;<textarea name=\"_wpcf7_ak_hp_textarea\" cols=\"45\" rows=\"8\" maxlength=\"100\"><\/textarea><\/label><input type=\"hidden\" id=\"ak_js_1\" name=\"_wpcf7_ak_js\" value=\"154\"\/><script type=\"text\/javascript\">\n\/* <![CDATA[ *\/\ndocument.getElementById( \"ak_js_1\" ).setAttribute( \"value\", ( new Date() ).getTime() );\n\/* ]]> *\/\n<\/script>\n<\/p><div class=\"wpcf7-response-output\" aria-hidden=\"true\"><\/div>\n<\/form>\n<\/div>\n","protected":false},"excerpt":{"rendered":"<p>\u00bfEres una persona que no tiene tiempo de salir de casa y no puedes asistir de forma presencial a clases de guitarra? En un centro formal de ense\u00f1anzas musicales, encontrar\u00e1s buenos profesionales que te guiar\u00e1n en tu camino para tener las habilidades necesarias para tocar de forma individual la guitarra, de hecho que os ofrezca clases on-line no quita que lo ideal es compaginarlas con las clases presenciales. Pero para aquellos que no tienen horario suficiente para desplazarse, a las escuelas de m\u00fasica, pero quieren aprender a tocar la guitarra, pod\u00e9is contacta conmigo y cuadrar agendas para poner unos horarios que se adapten a tus necesidades e ir realizando una sesi\u00f3n semanal. De estar forma podr\u00e1s avanzar y si lo deseas podr\u00e1s compaginar las clases on-line con alguna sesi\u00f3n presencial en el centro Obrador de M\u00fasics Marratx\u00ed. \u00bfQu\u00e9 necesidades t\u00e9cnicas tienes para hacer las clases on-line? Una cuenta gratuita de GMAIL Google meet (aplicaci\u00f3n gratuita de gmail) Una webcam para poder ver y hablar por ella. \u00bfQu\u00e9 necesidades tengo a nivel material? Una guitarra espa\u00f1ola una pie de guitarra un atril y un afinador para guitarra &#8220;Un libro&#8221; para ir siguiendo las lecciones. A partir de aqu\u00ed lo \u00fanico que necesitas es tener ganas y ilusi\u00f3n y constancia, ya que para poder progresar, cuanto m\u00e1s tiempo puedas dedicarle a la pr\u00e1ctica del instrumento, m\u00e1s cerca estar\u00e1s de conseguir tus objetivos. Clases de lenguaje musical, preparaci\u00f3n para las pruebas de acceso al Conservatorio, repaso de lenguaje musical tambi\u00e9n son clases que os puedo ofrecer on-line en caso de ser de vuestro inter\u00e9s, al igual que las clases de guitarra. En este tipo de clases podemos usar tambi\u00e9n herramientas como classroom para compartir documentos y elementos que sean necesarios para las clases. Para realizar las clases , hay que realizar un pago a trav\u00e9s de paypal o Bizum, para la sesi\u00f3n que deseas realizar. y Luego conectarnos a la secci\u00f3n de Google meet, es sencillo y sin complicaciones. Para m\u00e1s informaci\u00f3n contacta conmigo en el siguiente formulario:<\/p>\n","protected":false},"author":1,"featured_media":0,"parent":0,"menu_order":0,"comment_status":"closed","ping_status":"closed","template":"","meta":{"om_disable_all_campaigns":false,"_monsterinsights_skip_tracking":false,"_monsterinsights_sitenote_active":false,"_monsterinsights_sitenote_note":"","_monsterinsights_sitenote_category":0,"footnotes":""},"class_list":["post-334","page","type-page","status-publish","hentry"],"aioseo_notices":[],"jetpack_sharing_enabled":true,"_links":{"self":[{"href":"https:\/\/pepcorbalan.com\/index.php\/wp-json\/wp\/v2\/pages\/334","targetHints":{"allow":["GET"]}}],"collection":[{"href":"https:\/\/pepcorbalan.com\/index.php\/wp-json\/wp\/v2\/pages"}],"about":[{"href":"https:\/\/pepcorbalan.com\/index.php\/wp-json\/wp\/v2\/types\/page"}],"author":[{"embeddable":true,"href":"https:\/\/pepcorbalan.com\/index.php\/wp-json\/wp\/v2\/users\/1"}],"replies":[{"embeddable":true,"href":"https:\/\/pepcorbalan.com\/index.php\/wp-json\/wp\/v2\/comments?post=334"}],"version-history":[{"count":6,"href":"https:\/\/pepcorbalan.com\/index.php\/wp-json\/wp\/v2\/pages\/334\/revisions"}],"predecessor-version":[{"id":399,"href":"https:\/\/pepcorbalan.com\/index.php\/wp-json\/wp\/v2\/pages\/334\/revisions\/399"}],"wp:attachment":[{"href":"https:\/\/pepcorbalan.com\/index.php\/wp-json\/wp\/v2\/media?parent=334"}],"curies":[{"name":"wp","href":"https:\/\/api.w.org\/{rel}","templated":true}]}}