{"id":36,"date":"2022-08-04T10:13:02","date_gmt":"2022-08-04T10:13:02","guid":{"rendered":"https:\/\/pepcorbalan.com\/?page_id=36"},"modified":"2023-12-13T14:41:12","modified_gmt":"2023-12-13T14:41:12","slug":"direccion-banda-y-orquesta","status":"publish","type":"page","link":"https:\/\/pepcorbalan.com\/index.php\/direccion-banda-y-orquesta\/","title":{"rendered":"Direcci\u00f3n Banda y Orquesta"},"content":{"rendered":"<p>Mis inicios en la direcci\u00f3n de agrupaciones fueron en 2002, cuando juntamente con mis alumnos\/as de guitarra del centro Uni\u00f3 Musical NostraTerra, nos decidimos a montar un ensemble de Guitarras.<\/p><p>Empez\u00f3 de forma rudimentaria, y poco a poco fuimos a\u00f1adiendo instrumentaci\u00f3n, como son violines, chelos, flautas, peque\u00f1a percusi\u00f3n y voces para acabar de completar las adaptaciones que cada d\u00eda \u00edvan creciendo en el peque\u00f1o grupo de guitarras. Este lleg\u00f3 a crecer y consolidarse, desde entonces y hasta la actualidad el ensemble de guitarras sigue activo y produciendo m\u00fasicos y guitarristas. Actualmente se encuentra en el centro OBRADOR DE M\u00daSICS MARRATX\u00cd, en el cual centro mi actividad docente principal.<\/p><p>El el a\u00f1o 2005, se cre\u00f3 una banda juvenil en el seno de la banda de m\u00fasica de Son Ferriol, haci\u00e9ndome cargo de ella para poder iniciar a los j\u00f3venes m\u00fasicos a lo que es un ensayo de banda y al trabajo y conocimientos necesarios que requiere tocar una agrupaci\u00f3n grande como es un banda de m\u00fasica.<\/p><p>Y finalmente en el a\u00f1o 2009\/2010 estuve dirigiendo la banda infantil y la banda de m\u00fasica de son ferriol, compaginando algunos conciertos con el director titular de aquel momento. Hasta que finalmente para el concierto de Santa Cecilia de 2009 en el Auditorium de Palma me hice cargo de la Banda de Son Ferriol juntando los m\u00fasicos de la banda infantil y la banda de Son Ferriol. Desde entonces hasta hoy han pasado varias generaciones de m\u00fasicos por la banda, que han llevado su amor y dedicaci\u00f3n por la m\u00fasica  a muchos lugares de las Islas Baleares, y de la pen\u00ednsula. Algunos se han convertido en profesionales de la m\u00fasica y en muy buenos instrumentistas trabajando algunos de ellos en bandas musicales profesionales, o convirti\u00e9ndose en profesores y profesoras de algunas de las escuelas de m\u00fasica de las Islas Baleares y del Conservatorio de M\u00fasicas de les Illes Balears.<\/p><p>Ya en 2011, una vez creado el centro OBRADOR DE M\u00daSICA MARRATX\u00cd, surgi\u00f3 una nueva iniciativa desde los m\u00fasicos y estudiantes del centre. Se cre\u00f3 la Jove Orquetra Simf\u00f2nica de Marratx\u00ed, de la cual soy actualmente su director.<\/p><p>Los profesores del centro formaron alumnos de viol\u00edn, viola, violonchelo, y seg\u00fan sus niveles se crearon las secciones de cuerda. Alumnos del centro y alumnos de la Banda de Son Ferriol se unieron tambi\u00e9n a esta nueva asociaci\u00f3n y nuevo proyecto, posibilitando la Orquestra de Cuerda y la Orquestra Simf\u00f2nica, que act\u00faa en Marratx\u00ed y en otros municipios de las Islas Baleares.<\/p><p>Este a\u00f1o 2022 hemos realizado un intercambio y un concierto en Quesada (Ja\u00e9n), tocando conjuntamente con la agrupaci\u00f3n musical de Quesada.<\/p><p><\/p><p>Como director, tengo experiencia en arreglar y adaptar los temas para una formaci\u00f3n espec\u00edfica, crear temas propios o armonizar temas para poderlos interpretar en este tipo de agrupaciones.<\/p><p>Gran parte de los temas que interpretamos han sido adaptados por niveles y por voces para adaptarnos al nivel espec\u00edfico de cada m\u00fasico. <\/p><p>Gust\u00f3 de invertir tiempo en este tipo de trabajos para poder incorporar a todos los m\u00fasicos de todos niveles. <\/p><p>Otras de las caracter\u00edsticas de mis agrupaciones es que no son excluyentes, es decir, todos los instrumentos son bienvenidos, pianos, arpas, guitarra, guitarra el\u00e9ctrica, bajo, sintetizadores, coros y voces solistas.<\/p><p>Por el momento me debo a estas agrupaciones, pero estoy abierto a trabajar en alguna otra agrupaci\u00f3n musical que desee tener un director con mi experiencia y caracter\u00edsticas. Pod\u00e9is ver mi trabajo al frente de estas agrupaciones amateurs en la secci\u00f3n de YouTube.<\/p><p><\/p><p><strong>ACTUALMENTE DIRIJO LAS AGRUPACIONES:<\/strong><\/p><p class=\"has-medium-font-size\">BANDA DE M\u00daSICA DE SON FERRIOL<\/p><figure class=\"wp-block-post-featured-image\"><img loading=\"lazy\" decoding=\"async\" width=\"2560\" height=\"980\" src=\"https:\/\/pepcorbalan.com\/wp-content\/uploads\/2022\/08\/bandadeson-ferriol-2-scaled.jpg\" class=\"attachment-post-thumbnail size-post-thumbnail wp-post-image\" alt=\"\" style=\"object-fit:cover;\" srcset=\"https:\/\/pepcorbalan.com\/wp-content\/uploads\/2022\/08\/bandadeson-ferriol-2-scaled.jpg 2560w, https:\/\/pepcorbalan.com\/wp-content\/uploads\/2022\/08\/bandadeson-ferriol-2-300x115.jpg 300w, https:\/\/pepcorbalan.com\/wp-content\/uploads\/2022\/08\/bandadeson-ferriol-2-1024x392.jpg 1024w, https:\/\/pepcorbalan.com\/wp-content\/uploads\/2022\/08\/bandadeson-ferriol-2-768x294.jpg 768w, https:\/\/pepcorbalan.com\/wp-content\/uploads\/2022\/08\/bandadeson-ferriol-2-1536x588.jpg 1536w, https:\/\/pepcorbalan.com\/wp-content\/uploads\/2022\/08\/bandadeson-ferriol-2-2048x784.jpg 2048w, https:\/\/pepcorbalan.com\/wp-content\/uploads\/2022\/08\/bandadeson-ferriol-2-1140x436.jpg 1140w\" sizes=\"auto, (max-width: 2560px) 100vw, 2560px\" \/><\/figure><p class=\"has-medium-font-size\"><a href=\"http:\/\/www.simfonicademarratxi.com\" target=\"_blank\" rel=\"noopener\">JOVE ORQUESTRA SIMF\u00d2NICA DE MARRATX\u00cd<\/a><\/p><figure class=\"wp-block-gallery has-nested-images columns-default is-cropped wp-block-gallery-1 is-layout-flex wp-block-gallery-is-layout-flex\"><figure class=\"wp-block-image size-large\"><img loading=\"lazy\" decoding=\"async\" width=\"2384\" height=\"714\" data-id=\"252\" src=\"https:\/\/pepcorbalan.com\/wp-content\/uploads\/2022\/08\/orquesta-simgfoi.png\" alt=\"\" class=\"wp-image-252\" srcset=\"https:\/\/pepcorbalan.com\/wp-content\/uploads\/2022\/08\/orquesta-simgfoi.png 2384w, https:\/\/pepcorbalan.com\/wp-content\/uploads\/2022\/08\/orquesta-simgfoi-300x90.png 300w, https:\/\/pepcorbalan.com\/wp-content\/uploads\/2022\/08\/orquesta-simgfoi-1024x307.png 1024w, https:\/\/pepcorbalan.com\/wp-content\/uploads\/2022\/08\/orquesta-simgfoi-768x230.png 768w, https:\/\/pepcorbalan.com\/wp-content\/uploads\/2022\/08\/orquesta-simgfoi-1536x460.png 1536w, https:\/\/pepcorbalan.com\/wp-content\/uploads\/2022\/08\/orquesta-simgfoi-2048x613.png 2048w, https:\/\/pepcorbalan.com\/wp-content\/uploads\/2022\/08\/orquesta-simgfoi-1140x341.png 1140w\" sizes=\"auto, (max-width: 2384px) 100vw, 2384px\" \/><\/figure><\/figure><p class=\"has-medium-font-size\"><a href=\"http:\/\/www.obradordemusics.com\/index.php\/2017-02-08-01-05-17\/about-us-8\" target=\"_blank\" rel=\"noopener\">ENSEMBLE DE GUITARRAS OBRADOR<\/a><\/p><figure class=\"wp-block-gallery has-nested-images columns-default is-cropped wp-block-gallery-2 is-layout-flex wp-block-gallery-is-layout-flex\"><figure class=\"wp-block-image size-large\"><img loading=\"lazy\" decoding=\"async\" width=\"1024\" height=\"289\" data-id=\"301\" src=\"https:\/\/pepcorbalan.com\/wp-content\/uploads\/2022\/08\/guitarras-1024x289.jpg\" alt=\"\" class=\"wp-image-301\" srcset=\"https:\/\/pepcorbalan.com\/wp-content\/uploads\/2022\/08\/guitarras-1024x289.jpg 1024w, https:\/\/pepcorbalan.com\/wp-content\/uploads\/2022\/08\/guitarras-300x85.jpg 300w, https:\/\/pepcorbalan.com\/wp-content\/uploads\/2022\/08\/guitarras-768x217.jpg 768w, https:\/\/pepcorbalan.com\/wp-content\/uploads\/2022\/08\/guitarras-1536x433.jpg 1536w, https:\/\/pepcorbalan.com\/wp-content\/uploads\/2022\/08\/guitarras-1140x322.jpg 1140w, https:\/\/pepcorbalan.com\/wp-content\/uploads\/2022\/08\/guitarras.jpg 1928w\" sizes=\"auto, (max-width: 1024px) 100vw, 1024px\" \/><\/figure><\/figure><p class=\"has-medium-font-size\">ORQUESTRA DE CORDE DE S&#8217;OBRADOR<\/p><figure class=\"wp-block-gallery has-nested-images columns-default is-cropped wp-block-gallery-3 is-layout-flex wp-block-gallery-is-layout-flex\"><figure class=\"wp-block-image size-large\"><img loading=\"lazy\" decoding=\"async\" width=\"1024\" height=\"414\" data-id=\"303\" src=\"https:\/\/pepcorbalan.com\/wp-content\/uploads\/2022\/08\/grup-de-corda-1024x414.jpg\" alt=\"\" class=\"wp-image-303\" srcset=\"https:\/\/pepcorbalan.com\/wp-content\/uploads\/2022\/08\/grup-de-corda-1024x414.jpg 1024w, https:\/\/pepcorbalan.com\/wp-content\/uploads\/2022\/08\/grup-de-corda-300x121.jpg 300w, https:\/\/pepcorbalan.com\/wp-content\/uploads\/2022\/08\/grup-de-corda-768x310.jpg 768w, https:\/\/pepcorbalan.com\/wp-content\/uploads\/2022\/08\/grup-de-corda-1536x621.jpg 1536w, https:\/\/pepcorbalan.com\/wp-content\/uploads\/2022\/08\/grup-de-corda-2048x828.jpg 2048w, https:\/\/pepcorbalan.com\/wp-content\/uploads\/2022\/08\/grup-de-corda-1140x461.jpg 1140w\" sizes=\"auto, (max-width: 1024px) 100vw, 1024px\" \/><\/figure><\/figure><p class=\"has-medium-font-size\"><a href=\"http:\/\/www.obradordemusics.com\/index.php\/2017-02-08-01-05-17\/about-us-6\" target=\"_blank\" rel=\"noopener\">CORO DE S&#8217;OBRADOR DE M\u00daSICS<\/a><\/p><figure class=\"wp-block-gallery has-nested-images columns-default is-cropped wp-block-gallery-4 is-layout-flex wp-block-gallery-is-layout-flex\"><figure class=\"wp-block-image size-large\"><img loading=\"lazy\" decoding=\"async\" width=\"1024\" height=\"362\" data-id=\"305\" src=\"https:\/\/pepcorbalan.com\/wp-content\/uploads\/2022\/08\/coro2-1024x362.jpg\" alt=\"\" class=\"wp-image-305\" srcset=\"https:\/\/pepcorbalan.com\/wp-content\/uploads\/2022\/08\/coro2-1024x362.jpg 1024w, https:\/\/pepcorbalan.com\/wp-content\/uploads\/2022\/08\/coro2-300x106.jpg 300w, https:\/\/pepcorbalan.com\/wp-content\/uploads\/2022\/08\/coro2-768x272.jpg 768w, https:\/\/pepcorbalan.com\/wp-content\/uploads\/2022\/08\/coro2-1140x403.jpg 1140w, https:\/\/pepcorbalan.com\/wp-content\/uploads\/2022\/08\/coro2.jpg 1442w\" sizes=\"auto, (max-width: 1024px) 100vw, 1024px\" \/><\/figure><\/figure><p><strong>Con las agrupaciones he realizado actuaciones en lugares destacados como<\/strong>:<\/p><ul class=\"wp-block-list\"><li> Palacio de Congresos de Palma<\/li><\/ul><ul class=\"wp-block-list\"><li>Auditorio del Conservatorio Superior de les Illes Balears<\/li><\/ul><ul class=\"wp-block-list\"><li>Teatre Principal de Palma<\/li><\/ul><ul class=\"wp-block-list\"><li>Teatre Xesc Forteza<\/li><\/ul><ul class=\"wp-block-list\"><li>Auditorium de Palma<\/li><\/ul><ul class=\"wp-block-list\"><li>Auditorium de Alc\u00fadia<\/li><\/ul><ul class=\"wp-block-list\"><li>Teatre de Santa Mar\u00eda<\/li><\/ul><ul class=\"wp-block-list\"><li>Teatre de la ONCE<\/li><\/ul><ul class=\"wp-block-list\"><li>Castell d&#8217;Andraxt<\/li><li>Hospital Militar de Palma<\/li><li>Sala de actos del Hospital Universitario de Son Espases<\/li><li>A Ses Voltes de Palma<\/li><\/ul><ul class=\"wp-block-list\"><li>En municipios como: Marratx\u00ed, Palma, Sant Lloren\u00e7, Bunyola, Esporles, Mancor de lla Vall, etc.. <\/li><li>Concierto con la Jove Orquestra Simf\u00f2nica de Marratx\u00ed con la Banda Municipal de Quesada e, Quesada verano de 2021.<\/li><\/ul><p>Saludos a todos!<\/p><p>Si est\u00e1is interesados en alguna actuaci\u00f3n de alguno de las agrupaciones que gestiono, pod\u00e9is contactar conmigo y os informo de c\u00f3mo pod\u00e9is hacer para tener alguna actuaci\u00f3n en vuestra barriada o pueblo!<\/p><p class=\"has-text-align-center\" style=\"font-size:25px\"><strong>CONT\u00c1CTAME POR LAS AGRUPACIONES<\/strong><\/p>\n<div class=\"wpcf7 no-js\" id=\"wpcf7-f311-o1\" lang=\"es-ES\" dir=\"ltr\" data-wpcf7-id=\"311\">\n<div class=\"screen-reader-response\"><p role=\"status\" aria-live=\"polite\" aria-atomic=\"true\"><\/p> <ul><\/ul><\/div>\n<form action=\"\/index.php\/wp-json\/wp\/v2\/pages\/36#wpcf7-f311-o1\" method=\"post\" class=\"wpcf7-form init\" aria-label=\"Formulario de contacto\" novalidate=\"novalidate\" data-status=\"init\">\n<fieldset class=\"hidden-fields-container\"><input type=\"hidden\" name=\"_wpcf7\" value=\"311\" \/><input type=\"hidden\" name=\"_wpcf7_version\" value=\"6.1.5\" \/><input type=\"hidden\" name=\"_wpcf7_locale\" value=\"es_ES\" \/><input type=\"hidden\" name=\"_wpcf7_unit_tag\" value=\"wpcf7-f311-o1\" \/><input type=\"hidden\" name=\"_wpcf7_container_post\" value=\"0\" \/><input type=\"hidden\" name=\"_wpcf7_posted_data_hash\" value=\"\" \/>\n<\/fieldset>\n<p><label> Tu nombre<br \/>\n<span class=\"wpcf7-form-control-wrap\" data-name=\"your-name\"><input size=\"40\" maxlength=\"400\" class=\"wpcf7-form-control wpcf7-text wpcf7-validates-as-required\" aria-required=\"true\" aria-invalid=\"false\" value=\"\" type=\"text\" name=\"your-name\" \/><\/span> <\/label>\n<\/p>\n<p><label> Tu correo electr\u00f3nico<br \/>\n<span class=\"wpcf7-form-control-wrap\" data-name=\"your-email\"><input size=\"40\" maxlength=\"400\" class=\"wpcf7-form-control wpcf7-email wpcf7-validates-as-required wpcf7-text wpcf7-validates-as-email\" aria-required=\"true\" aria-invalid=\"false\" value=\"\" type=\"email\" name=\"your-email\" \/><\/span> <\/label>\n<\/p>\n<p><label> Agrupaci\u00f3n de tu inter\u00e9s<br \/>\n<span class=\"wpcf7-form-control-wrap\" data-name=\"your-subject\"><input size=\"40\" maxlength=\"400\" class=\"wpcf7-form-control wpcf7-text wpcf7-validates-as-required\" aria-required=\"true\" aria-invalid=\"false\" value=\"\" type=\"text\" name=\"your-subject\" \/><\/span> <\/label>\n<\/p>\n<p><label> Tel\u00e9fono (opcional)<br \/>\n<span class=\"wpcf7-form-control-wrap\" data-name=\"telefono\"><input size=\"40\" maxlength=\"400\" class=\"wpcf7-form-control wpcf7-tel wpcf7-text wpcf7-validates-as-tel\" aria-invalid=\"false\" value=\"\" type=\"tel\" name=\"telefono\" \/><\/span> <\/label>\n<\/p>\n<p><label> Tu mensaje<br \/>\n<span class=\"wpcf7-form-control-wrap\" data-name=\"your-message\"><textarea cols=\"40\" rows=\"10\" maxlength=\"2000\" class=\"wpcf7-form-control wpcf7-textarea\" aria-invalid=\"false\" name=\"your-message\"><\/textarea><\/span> <\/label>\n<\/p>\n<p><input class=\"wpcf7-form-control wpcf7-submit has-spinner\" type=\"submit\" value=\"Enviar\" \/>\n<\/p><p style=\"display: none !important;\" class=\"akismet-fields-container\" data-prefix=\"_wpcf7_ak_\"><label>&#916;<textarea name=\"_wpcf7_ak_hp_textarea\" cols=\"45\" rows=\"8\" maxlength=\"100\"><\/textarea><\/label><input type=\"hidden\" id=\"ak_js_1\" name=\"_wpcf7_ak_js\" value=\"55\"\/><script>document.getElementById( \"ak_js_1\" ).setAttribute( \"value\", ( new Date() ).getTime() );<\/script><\/p><div class=\"wpcf7-response-output\" aria-hidden=\"true\"><\/div>\n<\/form>\n<\/div>\n","protected":false},"excerpt":{"rendered":"<p>Mis inicios en la direcci\u00f3n de agrupaciones fueron en 2002, cuando juntamente con mis alumnos\/as de guitarra del centro Uni\u00f3 Musical NostraTerra, nos decidimos a montar un ensemble de Guitarras. Empez\u00f3 de forma rudimentaria, y poco a poco fuimos a\u00f1adiendo instrumentaci\u00f3n, como son violines, chelos, flautas, peque\u00f1a percusi\u00f3n y voces para acabar de completar las adaptaciones que cada d\u00eda \u00edvan creciendo en el peque\u00f1o grupo de guitarras. Este lleg\u00f3 a crecer y consolidarse, desde entonces y hasta la actualidad el ensemble de guitarras sigue activo y produciendo m\u00fasicos y guitarristas. Actualmente se encuentra en el centro OBRADOR DE M\u00daSICS MARRATX\u00cd, en el cual centro mi actividad docente principal. El el a\u00f1o 2005, se cre\u00f3 una banda juvenil en el seno de la banda de m\u00fasica de Son Ferriol, haci\u00e9ndome cargo de ella para poder iniciar a los j\u00f3venes m\u00fasicos a lo que es un ensayo de banda y al trabajo y conocimientos necesarios que requiere tocar una agrupaci\u00f3n grande como es un banda de m\u00fasica. Y finalmente en el a\u00f1o 2009\/2010 estuve dirigiendo la banda infantil y la banda de m\u00fasica de son ferriol, compaginando algunos conciertos con el director titular de aquel momento. Hasta que finalmente para el concierto de Santa Cecilia de 2009 en el Auditorium de Palma me hice cargo de la Banda de Son Ferriol juntando los m\u00fasicos de la banda infantil y la banda de Son Ferriol. Desde entonces hasta hoy han pasado varias generaciones de m\u00fasicos por la banda, que han llevado su amor y dedicaci\u00f3n por la m\u00fasica a muchos lugares de las Islas Baleares, y de la pen\u00ednsula. Algunos se han convertido en profesionales de la m\u00fasica y en muy buenos instrumentistas trabajando algunos de ellos en bandas musicales profesionales, o convirti\u00e9ndose en profesores y profesoras de algunas de las escuelas de m\u00fasica de las Islas Baleares y del Conservatorio de M\u00fasicas de les Illes Balears. Ya en 2011, una vez creado el centro OBRADOR DE M\u00daSICA MARRATX\u00cd, surgi\u00f3 una nueva iniciativa desde los m\u00fasicos y estudiantes del centre. Se cre\u00f3 la Jove Orquetra Simf\u00f2nica de Marratx\u00ed, de la cual soy actualmente su director. Los profesores del centro formaron alumnos de viol\u00edn, viola, violonchelo, y seg\u00fan sus niveles se crearon las secciones de cuerda. Alumnos del centro y alumnos de la Banda de Son Ferriol se unieron tambi\u00e9n a esta nueva asociaci\u00f3n y nuevo proyecto, posibilitando la Orquestra de Cuerda y la Orquestra Simf\u00f2nica, que act\u00faa en Marratx\u00ed y en otros municipios de las Islas Baleares. Este a\u00f1o 2022 hemos realizado un intercambio y un concierto en Quesada (Ja\u00e9n), tocando conjuntamente con la agrupaci\u00f3n musical de Quesada. Como director, tengo experiencia en arreglar y adaptar los temas para una formaci\u00f3n espec\u00edfica, crear temas propios o armonizar temas para poderlos interpretar en este tipo de agrupaciones. Gran parte de los temas que interpretamos han sido adaptados por niveles y por voces para adaptarnos al nivel espec\u00edfico de cada m\u00fasico. Gust\u00f3 de invertir tiempo en este tipo de trabajos para poder incorporar a todos los m\u00fasicos de todos niveles. Otras de las caracter\u00edsticas de mis agrupaciones es que no son excluyentes, es decir, todos los instrumentos son bienvenidos, pianos, arpas, guitarra, guitarra el\u00e9ctrica, bajo, sintetizadores, coros y voces solistas. Por el momento me debo a estas agrupaciones, pero estoy abierto a trabajar en alguna otra agrupaci\u00f3n musical que desee tener un director con mi experiencia y caracter\u00edsticas. Pod\u00e9is ver mi trabajo al frente de estas agrupaciones amateurs en la secci\u00f3n de YouTube. ACTUALMENTE DIRIJO LAS AGRUPACIONES: BANDA DE M\u00daSICA DE SON FERRIOL JOVE ORQUESTRA SIMF\u00d2NICA DE MARRATX\u00cd ENSEMBLE DE GUITARRAS OBRADOR ORQUESTRA DE CORDE DE S&#8217;OBRADOR CORO DE S&#8217;OBRADOR DE M\u00daSICS Con las agrupaciones he realizado actuaciones en lugares destacados como: Palacio de Congresos de Palma Auditorio del Conservatorio Superior de les Illes Balears Teatre Principal de Palma Teatre Xesc Forteza Auditorium de Palma Auditorium de Alc\u00fadia Teatre de Santa Mar\u00eda Teatre de la ONCE Castell d&#8217;Andraxt Hospital Militar de Palma Sala de actos del Hospital Universitario de Son Espases A Ses Voltes de Palma En municipios como: Marratx\u00ed, Palma, Sant Lloren\u00e7, Bunyola, Esporles, Mancor de lla Vall, etc.. Concierto con la Jove Orquestra Simf\u00f2nica de Marratx\u00ed con la Banda Municipal de Quesada e, Quesada verano de 2021. Saludos a todos! Si est\u00e1is interesados en alguna actuaci\u00f3n de alguno de las agrupaciones que gestiono, pod\u00e9is contactar conmigo y os informo de c\u00f3mo pod\u00e9is hacer para tener alguna actuaci\u00f3n en vuestra barriada o pueblo! CONT\u00c1CTAME POR LAS AGRUPACIONES<\/p>\n","protected":false},"author":1,"featured_media":15,"parent":0,"menu_order":0,"comment_status":"closed","ping_status":"closed","template":"","meta":{"om_disable_all_campaigns":false,"_monsterinsights_skip_tracking":false,"_monsterinsights_sitenote_active":false,"_monsterinsights_sitenote_note":"","_monsterinsights_sitenote_category":0,"footnotes":""},"class_list":["post-36","page","type-page","status-publish","has-post-thumbnail","hentry"],"aioseo_notices":[],"jetpack_sharing_enabled":true,"_links":{"self":[{"href":"https:\/\/pepcorbalan.com\/index.php\/wp-json\/wp\/v2\/pages\/36","targetHints":{"allow":["GET"]}}],"collection":[{"href":"https:\/\/pepcorbalan.com\/index.php\/wp-json\/wp\/v2\/pages"}],"about":[{"href":"https:\/\/pepcorbalan.com\/index.php\/wp-json\/wp\/v2\/types\/page"}],"author":[{"embeddable":true,"href":"https:\/\/pepcorbalan.com\/index.php\/wp-json\/wp\/v2\/users\/1"}],"replies":[{"embeddable":true,"href":"https:\/\/pepcorbalan.com\/index.php\/wp-json\/wp\/v2\/comments?post=36"}],"version-history":[{"count":14,"href":"https:\/\/pepcorbalan.com\/index.php\/wp-json\/wp\/v2\/pages\/36\/revisions"}],"predecessor-version":[{"id":473,"href":"https:\/\/pepcorbalan.com\/index.php\/wp-json\/wp\/v2\/pages\/36\/revisions\/473"}],"wp:featuredmedia":[{"embeddable":true,"href":"https:\/\/pepcorbalan.com\/index.php\/wp-json\/wp\/v2\/media\/15"}],"wp:attachment":[{"href":"https:\/\/pepcorbalan.com\/index.php\/wp-json\/wp\/v2\/media?parent=36"}],"curies":[{"name":"wp","href":"https:\/\/api.w.org\/{rel}","templated":true}]}}