{"id":91,"date":"2022-08-04T11:58:53","date_gmt":"2022-08-04T11:58:53","guid":{"rendered":"https:\/\/pepcorbalan.com\/?page_id=91"},"modified":"2024-12-29T17:06:18","modified_gmt":"2024-12-29T17:06:18","slug":"you-tube-banda","status":"publish","type":"page","link":"https:\/\/pepcorbalan.com\/index.php\/you-tube-banda\/","title":{"rendered":"YouTube Banda"},"content":{"rendered":"<p>En esta secci\u00f3n os comparto algunos de los conciertos realizados con la Banda de M\u00fasica de Son Ferriol, de la cual soy director desde 2010. Muchos de los temas son readaptaciones del tema original a la instrumentaci\u00f3n disponible de la banda en el momento de grabarlo.<\/p><p><\/p><figure class=\"wp-block-embed is-type-video is-provider-youtube wp-block-embed-youtube wp-embed-aspect-16-9 wp-has-aspect-ratio\"><div class=\"wp-block-embed__wrapper\">\n<iframe loading=\"lazy\" title=\"Ellington!\" width=\"960\" height=\"540\" src=\"https:\/\/www.youtube.com\/embed\/U4wEZDMa81A?feature=oembed\" frameborder=\"0\" allow=\"accelerometer; autoplay; clipboard-write; encrypted-media; gyroscope; picture-in-picture; web-share\" referrerpolicy=\"strict-origin-when-cross-origin\" allowfullscreen><\/iframe>\n<\/div><\/figure><p><\/p><figure class=\"wp-block-embed is-type-video is-provider-youtube wp-block-embed-youtube wp-embed-aspect-16-9 wp-has-aspect-ratio\"><div class=\"wp-block-embed__wrapper\">\n<iframe loading=\"lazy\" title=\"Street Tango -   Astor Piazzolla\" width=\"960\" height=\"540\" src=\"https:\/\/www.youtube.com\/embed\/W78mzS941EQ?feature=oembed\" frameborder=\"0\" allow=\"accelerometer; autoplay; clipboard-write; encrypted-media; gyroscope; picture-in-picture; web-share\" referrerpolicy=\"strict-origin-when-cross-origin\" allowfullscreen><\/iframe>\n<\/div><\/figure><figure class=\"wp-block-embed is-type-video is-provider-youtube wp-block-embed-youtube wp-embed-aspect-16-9 wp-has-aspect-ratio\"><div class=\"wp-block-embed__wrapper\">\n<iframe loading=\"lazy\" title=\"Bones - imagin dragons\" width=\"960\" height=\"540\" src=\"https:\/\/www.youtube.com\/embed\/DCivDK0vL-c?feature=oembed\" frameborder=\"0\" allow=\"accelerometer; autoplay; clipboard-write; encrypted-media; gyroscope; picture-in-picture; web-share\" referrerpolicy=\"strict-origin-when-cross-origin\" allowfullscreen><\/iframe>\n<\/div><\/figure><p class=\"has-large-font-size\"><strong>Concertino Op. 72<\/strong> para guitarra. Salvador Bacarise.<\/p><figure class=\"wp-block-embed is-type-video is-provider-youtube wp-block-embed-youtube wp-embed-aspect-4-3 wp-has-aspect-ratio\"><div class=\"wp-block-embed__wrapper\">\n<iframe loading=\"lazy\" title=\"Concertino en la Menor op  72 Salvador Bacarise\" width=\"960\" height=\"720\" src=\"https:\/\/www.youtube.com\/embed\/VVk4pKplg5Y?feature=oembed\" frameborder=\"0\" allow=\"accelerometer; autoplay; clipboard-write; encrypted-media; gyroscope; picture-in-picture; web-share\" referrerpolicy=\"strict-origin-when-cross-origin\" allowfullscreen><\/iframe>\n<\/div><\/figure><p class=\"has-large-font-size\"><strong>&#8220;Quinta Simf\u00f3nia- Mambo&#8221;<\/strong> Bethoveen- P\u00e9rez Prado<\/p><figure class=\"wp-block-embed is-type-video is-provider-youtube wp-block-embed-youtube wp-embed-aspect-4-3 wp-has-aspect-ratio\"><div class=\"wp-block-embed__wrapper\">\n<iframe loading=\"lazy\" title=\"Quinta simf\u00f3nia-Mambo n\u00famero 5  Bethoveen- P\u00e9rez Prado\" width=\"960\" height=\"720\" src=\"https:\/\/www.youtube.com\/embed\/D0OIm9_zaGU?feature=oembed\" frameborder=\"0\" allow=\"accelerometer; autoplay; clipboard-write; encrypted-media; gyroscope; picture-in-picture; web-share\" referrerpolicy=\"strict-origin-when-cross-origin\" allowfullscreen><\/iframe>\n<\/div><\/figure><p class=\"has-large-font-size\"><strong>BELLA CIAO &#8221; de la casa de Papel&#8221;<\/strong><\/p><figure class=\"wp-block-embed is-type-video is-provider-youtube wp-block-embed-youtube wp-embed-aspect-4-3 wp-has-aspect-ratio\"><div class=\"wp-block-embed__wrapper\">\n<iframe loading=\"lazy\" title=\"BELLA CIAO - tema de la casa de papel\" width=\"960\" height=\"720\" src=\"https:\/\/www.youtube.com\/embed\/lK4SCvZJJbc?feature=oembed\" frameborder=\"0\" allow=\"accelerometer; autoplay; clipboard-write; encrypted-media; gyroscope; picture-in-picture; web-share\" referrerpolicy=\"strict-origin-when-cross-origin\" allowfullscreen><\/iframe>\n<\/div><\/figure><p class=\"has-large-font-size\"><strong>MY NEIGHBOR TOTORO JOE HISAISHI (Banda y Coro)<\/strong><\/p><figure class=\"wp-block-embed is-type-video is-provider-youtube wp-block-embed-youtube wp-embed-aspect-4-3 wp-has-aspect-ratio\"><div class=\"wp-block-embed__wrapper\">\n<iframe loading=\"lazy\" title=\"My Neighbor Totoro - Banda de M\u00fasica\" width=\"960\" height=\"720\" src=\"https:\/\/www.youtube.com\/embed\/3OMPKPV-DD4?feature=oembed\" frameborder=\"0\" allow=\"accelerometer; autoplay; clipboard-write; encrypted-media; gyroscope; picture-in-picture; web-share\" referrerpolicy=\"strict-origin-when-cross-origin\" allowfullscreen><\/iframe>\n<\/div><\/figure><p class=\"has-large-font-size\">&#8220;<strong>QUEEN IN CONCERT&#8221; JAY BOOCOK<\/strong> (Banda y Coro)<\/p><figure class=\"wp-block-embed is-type-video is-provider-youtube wp-block-embed-youtube wp-embed-aspect-4-3 wp-has-aspect-ratio\"><div class=\"wp-block-embed__wrapper\">\n<iframe loading=\"lazy\" title=\"Queen in concert - Banda de M\u00fasica\" width=\"960\" height=\"720\" src=\"https:\/\/www.youtube.com\/embed\/Mt1-Ih-qtxA?feature=oembed\" frameborder=\"0\" allow=\"accelerometer; autoplay; clipboard-write; encrypted-media; gyroscope; picture-in-picture; web-share\" referrerpolicy=\"strict-origin-when-cross-origin\" allowfullscreen><\/iframe>\n<\/div><\/figure><p class=\"has-large-font-size\"><strong>VIVA LA VIDA DE  COLDPLAY (Banda y Coro)<\/strong><\/p><p><\/p><figure class=\"wp-block-embed is-type-video is-provider-youtube wp-block-embed-youtube wp-embed-aspect-4-3 wp-has-aspect-ratio\"><div class=\"wp-block-embed__wrapper\">\n<iframe loading=\"lazy\" title=\"viva la vida coldplay\" width=\"960\" height=\"720\" src=\"https:\/\/www.youtube.com\/embed\/mDYH7tWHbHw?feature=oembed\" frameborder=\"0\" allow=\"accelerometer; autoplay; clipboard-write; encrypted-media; gyroscope; picture-in-picture; web-share\" referrerpolicy=\"strict-origin-when-cross-origin\" allowfullscreen><\/iframe>\n<\/div><\/figure><p class=\"has-large-font-size\"><strong>&#8221; LAPUTA&#8221; CASTLE IN THE SKY &#8211; JOE HISAISHI<\/strong><\/p><figure class=\"wp-block-embed is-type-video is-provider-youtube wp-block-embed-youtube wp-embed-aspect-16-9 wp-has-aspect-ratio\"><div class=\"wp-block-embed__wrapper\">\n<iframe loading=\"lazy\" title=\"&quot;LAPUTA&quot; Castle in the sky  - Joe Hisaishi\" width=\"960\" height=\"540\" src=\"https:\/\/www.youtube.com\/embed\/6OMHwMdBmI4?feature=oembed\" frameborder=\"0\" allow=\"accelerometer; autoplay; clipboard-write; encrypted-media; gyroscope; picture-in-picture; web-share\" referrerpolicy=\"strict-origin-when-cross-origin\" allowfullscreen><\/iframe>\n<\/div><\/figure><p class=\"has-large-font-size\"><strong>HIGHLIGHTS MECANO<\/strong><\/p><figure class=\"wp-block-embed is-type-video is-provider-youtube wp-block-embed-youtube wp-embed-aspect-16-9 wp-has-aspect-ratio\"><div class=\"wp-block-embed__wrapper\">\n<iframe loading=\"lazy\" title=\"Highlights de Mecano - MECANO\" width=\"960\" height=\"540\" src=\"https:\/\/www.youtube.com\/embed\/xlPNlN0ROZw?feature=oembed\" frameborder=\"0\" allow=\"accelerometer; autoplay; clipboard-write; encrypted-media; gyroscope; picture-in-picture; web-share\" referrerpolicy=\"strict-origin-when-cross-origin\" allowfullscreen><\/iframe>\n<\/div><\/figure><p class=\"has-large-font-size\"><strong>BENNY GOODMAN MEMORIES<\/strong><\/p><figure class=\"wp-block-embed is-type-video is-provider-youtube wp-block-embed-youtube wp-embed-aspect-16-9 wp-has-aspect-ratio\"><div class=\"wp-block-embed__wrapper\">\n<iframe loading=\"lazy\" title=\"Benny Goodman Memories - Banda\" width=\"960\" height=\"540\" src=\"https:\/\/www.youtube.com\/embed\/ecb8L2IrzU0?feature=oembed\" frameborder=\"0\" allow=\"accelerometer; autoplay; clipboard-write; encrypted-media; gyroscope; picture-in-picture; web-share\" referrerpolicy=\"strict-origin-when-cross-origin\" allowfullscreen><\/iframe>\n<\/div><\/figure><p class=\"has-large-font-size\"><strong>JITTERBUG<\/strong><\/p><p>Espero que disfrut\u00e9is tantao de escucharlo, como nosotros de interpretarlos y compartirlos con el p\u00fablico!<\/p><figure class=\"wp-block-embed is-type-video is-provider-youtube wp-block-embed-youtube wp-embed-aspect-16-9 wp-has-aspect-ratio\"><div class=\"wp-block-embed__wrapper\">\n<iframe loading=\"lazy\" title=\"Jitterbug - Concert de Santa Cec\u00edlia - Banda de m\u00fasica de Son Ferriol\" width=\"960\" height=\"540\" src=\"https:\/\/www.youtube.com\/embed\/gbEvHOpuSC8?feature=oembed\" frameborder=\"0\" allow=\"accelerometer; autoplay; clipboard-write; encrypted-media; gyroscope; picture-in-picture; web-share\" referrerpolicy=\"strict-origin-when-cross-origin\" allowfullscreen><\/iframe>\n<\/div><\/figure><p><\/p><p class=\"has-large-font-size\"><strong>SPAIN DE CHICK COREA<\/strong><\/p><figure class=\"wp-block-embed is-type-video is-provider-youtube wp-block-embed-youtube wp-embed-aspect-16-9 wp-has-aspect-ratio\"><div class=\"wp-block-embed__wrapper\">\n<iframe loading=\"lazy\" title=\"Spain de Chick Corea Banda de Son Ferriol\" width=\"960\" height=\"540\" src=\"https:\/\/www.youtube.com\/embed\/iymwwY1biJ8?feature=oembed\" frameborder=\"0\" allow=\"accelerometer; autoplay; clipboard-write; encrypted-media; gyroscope; picture-in-picture; web-share\" referrerpolicy=\"strict-origin-when-cross-origin\" allowfullscreen><\/iframe>\n<\/div><\/figure><p><\/p><p style=\"font-size:30px\"><strong>THE LEGEND OF MARACAIBO<\/strong><\/p><figure class=\"wp-block-embed is-type-video is-provider-youtube wp-block-embed-youtube wp-embed-aspect-16-9 wp-has-aspect-ratio\"><div class=\"wp-block-embed__wrapper\">\n<iframe loading=\"lazy\" title=\"The Legend of Maracaibo\" width=\"960\" height=\"540\" src=\"https:\/\/www.youtube.com\/embed\/76A1LeUDHX8?feature=oembed\" frameborder=\"0\" allow=\"accelerometer; autoplay; clipboard-write; encrypted-media; gyroscope; picture-in-picture; web-share\" referrerpolicy=\"strict-origin-when-cross-origin\" allowfullscreen><\/iframe>\n<\/div><\/figure><p><\/p><p style=\"font-size:30px\"><strong>PRINCESS MONONOKE SUITE<\/strong><\/p><figure class=\"wp-block-embed is-type-video is-provider-youtube wp-block-embed-youtube wp-embed-aspect-16-9 wp-has-aspect-ratio\"><div class=\"wp-block-embed__wrapper\">\n<iframe loading=\"lazy\" title=\"Princess Mononoke suite\" width=\"960\" height=\"540\" src=\"https:\/\/www.youtube.com\/embed\/NE0_QQ0Fiaw?feature=oembed\" frameborder=\"0\" allow=\"accelerometer; autoplay; clipboard-write; encrypted-media; gyroscope; picture-in-picture; web-share\" referrerpolicy=\"strict-origin-when-cross-origin\" allowfullscreen><\/iframe>\n<\/div><\/figure><p class=\"has-large-font-size\"><strong>MOZART POP SYMPHONI<\/strong><\/p><figure class=\"wp-block-embed is-type-video is-provider-youtube wp-block-embed-youtube wp-embed-aspect-16-9 wp-has-aspect-ratio\"><div class=\"wp-block-embed__wrapper\">\n<iframe loading=\"lazy\" title=\"Mozart pop symphoni\" width=\"960\" height=\"540\" src=\"https:\/\/www.youtube.com\/embed\/21Kk8Bw-zOg?feature=oembed\" frameborder=\"0\" allow=\"accelerometer; autoplay; clipboard-write; encrypted-media; gyroscope; picture-in-picture; web-share\" referrerpolicy=\"strict-origin-when-cross-origin\" allowfullscreen><\/iframe>\n<\/div><\/figure><p><\/p><p class=\"has-large-font-size\"><strong>THE MUSIC OF THE NIGHT<\/strong><\/p><figure class=\"wp-block-embed is-type-video is-provider-youtube wp-block-embed-youtube wp-embed-aspect-16-9 wp-has-aspect-ratio\"><div class=\"wp-block-embed__wrapper\">\n<iframe loading=\"lazy\" title=\"The music of the night\" width=\"960\" height=\"540\" src=\"https:\/\/www.youtube.com\/embed\/az2D5dYIhco?feature=oembed\" frameborder=\"0\" allow=\"accelerometer; autoplay; clipboard-write; encrypted-media; gyroscope; picture-in-picture; web-share\" referrerpolicy=\"strict-origin-when-cross-origin\" allowfullscreen><\/iframe>\n<\/div><\/figure><p><\/p><p style=\"font-size:25px\"><strong>MEDLEY DEL MUSICAL LA LA LAND<\/strong><\/p><figure class=\"wp-block-embed is-type-video is-provider-youtube wp-block-embed-youtube wp-embed-aspect-16-9 wp-has-aspect-ratio\"><div class=\"wp-block-embed__wrapper\">\n<iframe loading=\"lazy\" title=\"Medley del musical La la land _ Banda de Son Ferriol\" width=\"960\" height=\"540\" src=\"https:\/\/www.youtube.com\/embed\/K6f5hH5NzzA?feature=oembed\" frameborder=\"0\" allow=\"accelerometer; autoplay; clipboard-write; encrypted-media; gyroscope; picture-in-picture; web-share\" referrerpolicy=\"strict-origin-when-cross-origin\" allowfullscreen><\/iframe>\n<\/div><\/figure><p><\/p><p style=\"font-size:25px\"><strong>GUARDIANES DE LA GALAXIA VOL.1<\/strong><\/p><p><\/p><figure class=\"wp-block-embed is-type-video is-provider-youtube wp-block-embed-youtube wp-embed-aspect-16-9 wp-has-aspect-ratio\"><div class=\"wp-block-embed__wrapper\">\n<iframe loading=\"lazy\" title=\"Guardianes de la galaxia\" width=\"960\" height=\"540\" src=\"https:\/\/www.youtube.com\/embed\/gPbB_mcobcg?feature=oembed\" frameborder=\"0\" allow=\"accelerometer; autoplay; clipboard-write; encrypted-media; gyroscope; picture-in-picture; web-share\" referrerpolicy=\"strict-origin-when-cross-origin\" allowfullscreen><\/iframe>\n<\/div><\/figure><p><\/p><p class=\"has-large-font-size\"><strong>CANON BRASS ROCK<\/strong><\/p><figure class=\"wp-block-embed is-type-video is-provider-youtube wp-block-embed-youtube wp-embed-aspect-16-9 wp-has-aspect-ratio\"><div class=\"wp-block-embed__wrapper\">\n<iframe loading=\"lazy\" title=\"Canon Brass Rock\" width=\"960\" height=\"540\" src=\"https:\/\/www.youtube.com\/embed\/ddzbZ7MwYJU?feature=oembed\" frameborder=\"0\" allow=\"accelerometer; autoplay; clipboard-write; encrypted-media; gyroscope; picture-in-picture; web-share\" referrerpolicy=\"strict-origin-when-cross-origin\" allowfullscreen><\/iframe>\n<\/div><\/figure><p><\/p><p class=\"has-large-font-size\"><strong>THE FINAL COUNTDOWN<\/strong><\/p><figure class=\"wp-block-embed is-type-video is-provider-youtube wp-block-embed-youtube wp-embed-aspect-16-9 wp-has-aspect-ratio\"><div class=\"wp-block-embed__wrapper\">\n<iframe loading=\"lazy\" title=\"the final countdown 2011\" width=\"960\" height=\"540\" src=\"https:\/\/www.youtube.com\/embed\/JomG5JgnCkY?feature=oembed\" frameborder=\"0\" allow=\"accelerometer; autoplay; clipboard-write; encrypted-media; gyroscope; picture-in-picture; web-share\" referrerpolicy=\"strict-origin-when-cross-origin\" allowfullscreen><\/iframe>\n<\/div><\/figure><p><\/p><p class=\"has-large-font-size\">OBLIVION DE PIAZZOLLA<\/p><figure class=\"wp-block-embed is-type-video is-provider-youtube wp-block-embed-youtube wp-embed-aspect-16-9 wp-has-aspect-ratio\"><div class=\"wp-block-embed__wrapper\">\n<iframe loading=\"lazy\" title=\"OBLIVION de Piazzolla\" width=\"960\" height=\"540\" src=\"https:\/\/www.youtube.com\/embed\/AlqWe_kkkxo?feature=oembed\" frameborder=\"0\" allow=\"accelerometer; autoplay; clipboard-write; encrypted-media; gyroscope; picture-in-picture; web-share\" referrerpolicy=\"strict-origin-when-cross-origin\" allowfullscreen><\/iframe>\n<\/div><\/figure><p><\/p><p class=\"has-medium-font-size\"><strong>HIGHLIGHTS FROM AVATAR de JAMES HORNER<\/strong><\/p><figure class=\"wp-block-embed is-type-video is-provider-youtube wp-block-embed-youtube wp-embed-aspect-16-9 wp-has-aspect-ratio\"><div class=\"wp-block-embed__wrapper\">\n<iframe loading=\"lazy\" title=\"Seleccci\u00f3n de temas de Avatar  para Banda  (BSO)  de James Horner\" width=\"960\" height=\"540\" src=\"https:\/\/www.youtube.com\/embed\/GW8kHFfDxJM?feature=oembed\" frameborder=\"0\" allow=\"accelerometer; autoplay; clipboard-write; encrypted-media; gyroscope; picture-in-picture; web-share\" referrerpolicy=\"strict-origin-when-cross-origin\" allowfullscreen><\/iframe>\n<\/div><\/figure><p><\/p><p style=\"font-size:22px\"><strong>EL PRINCIPE DE EGIPTO (Encuentro de bandas de Palma 2020<\/strong>)<\/p><figure class=\"wp-block-embed is-type-video is-provider-youtube wp-block-embed-youtube wp-embed-aspect-4-3 wp-has-aspect-ratio\"><div class=\"wp-block-embed__wrapper\">\n<iframe loading=\"lazy\" title=\"El Principe de Egipto\" width=\"960\" height=\"720\" src=\"https:\/\/www.youtube.com\/embed\/9Md1qjShReM?feature=oembed\" frameborder=\"0\" allow=\"accelerometer; autoplay; clipboard-write; encrypted-media; gyroscope; picture-in-picture; web-share\" referrerpolicy=\"strict-origin-when-cross-origin\" allowfullscreen><\/iframe>\n<\/div><\/figure><p><\/p><p><\/p><p class=\"has-large-font-size\">EL PADRINO<\/p><figure class=\"wp-block-embed is-type-video is-provider-youtube wp-block-embed-youtube wp-embed-aspect-4-3 wp-has-aspect-ratio\"><div class=\"wp-block-embed__wrapper\">\n<iframe loading=\"lazy\" title=\"El Padrino- The Godfather\" width=\"960\" height=\"720\" src=\"https:\/\/www.youtube.com\/embed\/c0i1gLn4sjI?feature=oembed\" frameborder=\"0\" allow=\"accelerometer; autoplay; clipboard-write; encrypted-media; gyroscope; picture-in-picture; web-share\" referrerpolicy=\"strict-origin-when-cross-origin\" allowfullscreen><\/iframe>\n<\/div><\/figure><p class=\"has-medium-font-size\"><strong>AVENGERS: LA ERA DE ULTRON<\/strong><\/p><figure class=\"wp-block-embed is-type-video is-provider-youtube wp-block-embed-youtube wp-embed-aspect-16-9 wp-has-aspect-ratio\"><div class=\"wp-block-embed__wrapper\">\n<iframe loading=\"lazy\" title=\"Avengers, La era de Ultron\" width=\"960\" height=\"540\" src=\"https:\/\/www.youtube.com\/embed\/R9KLL4sZ46s?feature=oembed\" frameborder=\"0\" allow=\"accelerometer; autoplay; clipboard-write; encrypted-media; gyroscope; picture-in-picture; web-share\" referrerpolicy=\"strict-origin-when-cross-origin\" allowfullscreen><\/iframe>\n<\/div><\/figure><p class=\"has-large-font-size\"><strong>DOCTOR WHO<\/strong><\/p><figure class=\"wp-block-embed is-type-video is-provider-youtube wp-block-embed-youtube wp-embed-aspect-16-9 wp-has-aspect-ratio\"><div class=\"wp-block-embed__wrapper\">\n<iframe loading=\"lazy\" title=\"Doctor who\" width=\"960\" height=\"540\" src=\"https:\/\/www.youtube.com\/embed\/GGmsIS8OIF0?feature=oembed\" frameborder=\"0\" allow=\"accelerometer; autoplay; clipboard-write; encrypted-media; gyroscope; picture-in-picture; web-share\" referrerpolicy=\"strict-origin-when-cross-origin\" allowfullscreen><\/iframe>\n<\/div><\/figure><p><\/p><p class=\"has-medium-font-size\"><strong>THE CHRONICLES OF NARNIA ( The Lion the witch ant he wadrobe)<\/strong><\/p><figure class=\"wp-block-embed is-type-video is-provider-youtube wp-block-embed-youtube wp-embed-aspect-16-9 wp-has-aspect-ratio\"><div class=\"wp-block-embed__wrapper\">\n<iframe loading=\"lazy\" title=\"The chronicles of Narnia  (the lion the witch and the wardrobe) - Las Cr\u00f3nicas de Narnia\" width=\"960\" height=\"540\" src=\"https:\/\/www.youtube.com\/embed\/CHT6KuAgVjE?feature=oembed\" frameborder=\"0\" allow=\"accelerometer; autoplay; clipboard-write; encrypted-media; gyroscope; picture-in-picture; web-share\" referrerpolicy=\"strict-origin-when-cross-origin\" allowfullscreen><\/iframe>\n<\/div><\/figure><p><\/p><p><strong>ROMANZA DE BACARISSE ( Solista: Teresa Segu\u00ed)<\/strong><\/p><figure class=\"wp-block-embed is-type-video is-provider-youtube wp-block-embed-youtube wp-embed-aspect-16-9 wp-has-aspect-ratio\"><div class=\"wp-block-embed__wrapper\">\n<iframe loading=\"lazy\" title=\"Romanza de Bacarisse\" width=\"960\" height=\"540\" src=\"https:\/\/www.youtube.com\/embed\/Mj-lSQujvVE?feature=oembed\" frameborder=\"0\" allow=\"accelerometer; autoplay; clipboard-write; encrypted-media; gyroscope; picture-in-picture; web-share\" referrerpolicy=\"strict-origin-when-cross-origin\" allowfullscreen><\/iframe>\n<\/div><\/figure><p><\/p><p><strong>SUSPIROS DE ESPA\u00d1A<\/strong><\/p><figure class=\"wp-block-embed is-type-video is-provider-youtube wp-block-embed-youtube wp-embed-aspect-4-3 wp-has-aspect-ratio\"><div class=\"wp-block-embed__wrapper\">\n<iframe loading=\"lazy\" title=\"Suspiros de espa\u00f1a\" width=\"960\" height=\"720\" src=\"https:\/\/www.youtube.com\/embed\/l1fIyz3BXvw?feature=oembed\" frameborder=\"0\" allow=\"accelerometer; autoplay; clipboard-write; encrypted-media; gyroscope; picture-in-picture; web-share\" referrerpolicy=\"strict-origin-when-cross-origin\" allowfullscreen><\/iframe>\n<\/div><\/figure><p>COCO: RECU\u00c9RDAME .. REMEMBER ME COCO<\/p><figure class=\"wp-block-embed is-type-video is-provider-youtube wp-block-embed-youtube wp-embed-aspect-16-9 wp-has-aspect-ratio\"><div class=\"wp-block-embed__wrapper\">\n<iframe loading=\"lazy\" title=\"Coco: recu\u00e9rdame   -    Remember me Coco\" width=\"960\" height=\"540\" src=\"https:\/\/www.youtube.com\/embed\/ToEVfsZsJ0k?feature=oembed\" frameborder=\"0\" allow=\"accelerometer; autoplay; clipboard-write; encrypted-media; gyroscope; picture-in-picture; web-share\" referrerpolicy=\"strict-origin-when-cross-origin\" allowfullscreen><\/iframe>\n<\/div><\/figure>","protected":false},"excerpt":{"rendered":"<p>En esta secci\u00f3n os comparto algunos de los conciertos realizados con la Banda de M\u00fasica de Son Ferriol, de la cual soy director desde 2010. Muchos de los temas son readaptaciones del tema original a la instrumentaci\u00f3n disponible de la banda en el momento de grabarlo. Concertino Op. 72 para guitarra. Salvador Bacarise. &#8220;Quinta Simf\u00f3nia- Mambo&#8221; Bethoveen- P\u00e9rez Prado BELLA CIAO &#8221; de la casa de Papel&#8221; MY NEIGHBOR TOTORO JOE HISAISHI (Banda y Coro) &#8220;QUEEN IN CONCERT&#8221; JAY BOOCOK (Banda y Coro) VIVA LA VIDA DE COLDPLAY (Banda y Coro) &#8221; LAPUTA&#8221; CASTLE IN THE SKY &#8211; JOE HISAISHI HIGHLIGHTS MECANO BENNY GOODMAN MEMORIES JITTERBUG Espero que disfrut\u00e9is tantao de escucharlo, como nosotros de interpretarlos y compartirlos con el p\u00fablico! SPAIN DE CHICK COREA THE LEGEND OF MARACAIBO PRINCESS MONONOKE SUITE MOZART POP SYMPHONI THE MUSIC OF THE NIGHT MEDLEY DEL MUSICAL LA LA LAND GUARDIANES DE LA GALAXIA VOL.1 CANON BRASS ROCK THE FINAL COUNTDOWN OBLIVION DE PIAZZOLLA HIGHLIGHTS FROM AVATAR de JAMES HORNER EL PRINCIPE DE EGIPTO (Encuentro de bandas de Palma 2020) EL PADRINO AVENGERS: LA ERA DE ULTRON DOCTOR WHO THE CHRONICLES OF NARNIA ( The Lion the witch ant he wadrobe) ROMANZA DE BACARISSE ( Solista: Teresa Segu\u00ed) SUSPIROS DE ESPA\u00d1A COCO: RECU\u00c9RDAME .. REMEMBER ME COCO<\/p>\n","protected":false},"author":1,"featured_media":0,"parent":0,"menu_order":0,"comment_status":"closed","ping_status":"closed","template":"","meta":{"om_disable_all_campaigns":false,"_monsterinsights_skip_tracking":false,"_monsterinsights_sitenote_active":false,"_monsterinsights_sitenote_note":"","_monsterinsights_sitenote_category":0,"footnotes":""},"class_list":["post-91","page","type-page","status-publish","hentry"],"aioseo_notices":[],"jetpack_sharing_enabled":true,"_links":{"self":[{"href":"https:\/\/pepcorbalan.com\/index.php\/wp-json\/wp\/v2\/pages\/91","targetHints":{"allow":["GET"]}}],"collection":[{"href":"https:\/\/pepcorbalan.com\/index.php\/wp-json\/wp\/v2\/pages"}],"about":[{"href":"https:\/\/pepcorbalan.com\/index.php\/wp-json\/wp\/v2\/types\/page"}],"author":[{"embeddable":true,"href":"https:\/\/pepcorbalan.com\/index.php\/wp-json\/wp\/v2\/users\/1"}],"replies":[{"embeddable":true,"href":"https:\/\/pepcorbalan.com\/index.php\/wp-json\/wp\/v2\/comments?post=91"}],"version-history":[{"count":35,"href":"https:\/\/pepcorbalan.com\/index.php\/wp-json\/wp\/v2\/pages\/91\/revisions"}],"predecessor-version":[{"id":522,"href":"https:\/\/pepcorbalan.com\/index.php\/wp-json\/wp\/v2\/pages\/91\/revisions\/522"}],"wp:attachment":[{"href":"https:\/\/pepcorbalan.com\/index.php\/wp-json\/wp\/v2\/media?parent=91"}],"curies":[{"name":"wp","href":"https:\/\/api.w.org\/{rel}","templated":true}]}}