{"id":502,"date":"2024-01-25T16:13:32","date_gmt":"2024-01-25T16:13:32","guid":{"rendered":"https:\/\/pepcorbalan.com\/?post_type=product&#038;p=502"},"modified":"2024-01-25T18:28:29","modified_gmt":"2024-01-25T18:28:29","slug":"502","status":"publish","type":"product","link":"https:\/\/pepcorbalan.com\/index.php\/producto\/502\/","title":{"rendered":"Libro de lectura y entonaci\u00f3n 1"},"content":{"rendered":"<p>&nbsp;<\/p>\n<figure id=\"attachment_351\" aria-describedby=\"caption-attachment-351\" style=\"width: 210px\" class=\"wp-caption alignleft\"><img loading=\"lazy\" decoding=\"async\" class=\"size-medium wp-image-351\" src=\"https:\/\/pepcorbalan.com\/wp-content\/uploads\/2022\/08\/portada1-210x300.jpg\" alt=\"\" width=\"210\" height=\"300\" srcset=\"https:\/\/pepcorbalan.com\/wp-content\/uploads\/2022\/08\/portada1-210x300.jpg 210w, https:\/\/pepcorbalan.com\/wp-content\/uploads\/2022\/08\/portada1.jpg 672w\" sizes=\"auto, (max-width: 210px) 100vw, 210px\" \/><figcaption id=\"caption-attachment-351\" class=\"wp-caption-text\">Libro de lectura primero de LOGS<\/figcaption><\/figure>\n","protected":false},"excerpt":{"rendered":"<p>Libro de lectura r\u00edtmica, con canciones populares Mallorquinas, ejercicios r\u00edtmicos a dos manos y huecos para hacer dictados r\u00edtmicos y mel\u00f3dicos.<\/p>\n<p>Ideal para iniciarse en la lectura r\u00edtmica y reforzar la entonaci\u00f3n a partir de las notas del arpegio de do mayor.<\/p>\n","protected":false},"featured_media":351,"comment_status":"open","ping_status":"closed","template":"","meta":{"om_disable_all_campaigns":false,"_monsterinsights_skip_tracking":false,"_monsterinsights_sitenote_active":false,"_monsterinsights_sitenote_note":"","_monsterinsights_sitenote_category":0},"product_cat":[50],"product_tag":[52,53,51],"class_list":{"0":"post-502","1":"product","2":"type-product","3":"status-publish","4":"has-post-thumbnail","6":"product_cat-sin-categorizar","7":"product_tag-entonacio-i-lectura","8":"product_tag-libro-de-solfeo","9":"product_tag-libros-de-lectura-musical","11":"first","12":"instock","13":"downloadable","14":"shipping-taxable","15":"purchasable","16":"product-type-simple"},"aioseo_notices":[],"jetpack_sharing_enabled":true,"_links":{"self":[{"href":"https:\/\/pepcorbalan.com\/index.php\/wp-json\/wp\/v2\/product\/502","targetHints":{"allow":["GET"]}}],"collection":[{"href":"https:\/\/pepcorbalan.com\/index.php\/wp-json\/wp\/v2\/product"}],"about":[{"href":"https:\/\/pepcorbalan.com\/index.php\/wp-json\/wp\/v2\/types\/product"}],"replies":[{"embeddable":true,"href":"https:\/\/pepcorbalan.com\/index.php\/wp-json\/wp\/v2\/comments?post=502"}],"wp:featuredmedia":[{"embeddable":true,"href":"https:\/\/pepcorbalan.com\/index.php\/wp-json\/wp\/v2\/media\/351"}],"wp:attachment":[{"href":"https:\/\/pepcorbalan.com\/index.php\/wp-json\/wp\/v2\/media?parent=502"}],"wp:term":[{"taxonomy":"product_cat","embeddable":true,"href":"https:\/\/pepcorbalan.com\/index.php\/wp-json\/wp\/v2\/product_cat?post=502"},{"taxonomy":"product_tag","embeddable":true,"href":"https:\/\/pepcorbalan.com\/index.php\/wp-json\/wp\/v2\/product_tag?post=502"}],"curies":[{"name":"wp","href":"https:\/\/api.w.org\/{rel}","templated":true}]}}